{"id":2974,"date":"2025-09-06T11:15:23","date_gmt":"2025-09-06T09:15:23","guid":{"rendered":"https:\/\/steps.eliasarndt.de\/?page_id=2974"},"modified":"2025-09-06T13:38:28","modified_gmt":"2025-09-06T11:38:28","slug":"finalise-donation","status":"publish","type":"page","link":"https:\/\/www.stepsforchildren.de\/en\/gutes-tun\/spende-abschliessen\/","title":{"rendered":"Finalise donation"},"content":{"rendered":"\t\t<div data-elementor-type=\"wp-page\" data-elementor-id=\"2974\" class=\"elementor elementor-2974\" data-elementor-post-type=\"page\">\n\t\t\t\t<div class=\"elementor-element elementor-element-c79d533 e-flex e-con-boxed e-con e-parent\" data-id=\"c79d533\" data-element_type=\"container\" data-e-type=\"container\">\n\t\t\t\t\t<div class=\"e-con-inner\">\n\t\t\t\t<div class=\"elementor-element elementor-element-2083363 elementor-widget elementor-widget-spacer\" data-id=\"2083363\" data-element_type=\"widget\" data-e-type=\"widget\" data-widget_type=\"spacer.default\">\n\t\t\t\t<div class=\"elementor-widget-container\">\n\t\t\t\t\t\t\t<div class=\"elementor-spacer\">\n\t\t\t<div class=\"elementor-spacer-inner\"><\/div>\n\t\t<\/div>\n\t\t\t\t\t\t<\/div>\n\t\t\t\t<\/div>\n\t\t\t\t\t<\/div>\n\t\t\t\t<\/div>\n\t\t<div class=\"elementor-element elementor-element-8067e4d e-flex e-con-boxed e-con e-parent\" data-id=\"8067e4d\" data-element_type=\"container\" data-e-type=\"container\">\n\t\t\t\t\t<div class=\"e-con-inner\">\n\t\t\t\t<div class=\"elementor-element elementor-element-82ddeb8 elementor-widget elementor-widget-heading\" data-id=\"82ddeb8\" data-element_type=\"widget\" data-e-type=\"widget\" data-widget_type=\"heading.default\">\n\t\t\t\t<div class=\"elementor-widget-container\">\n\t\t\t\t\t<h2 class=\"elementor-heading-title elementor-size-default\">Spende abschlie\u00dfen<\/h2>\t\t\t\t<\/div>\n\t\t\t\t<\/div>\n\t\t\t\t\t<\/div>\n\t\t\t\t<\/div>\n\t\t<div class=\"elementor-element elementor-element-73a79de e-flex e-con-boxed e-con e-parent\" data-id=\"73a79de\" data-element_type=\"container\" data-e-type=\"container\">\n\t\t\t\t\t<div class=\"e-con-inner\">\n\t\t\t\t<div class=\"elementor-element elementor-element-8f904fe elementor-widget elementor-widget-html\" data-id=\"8f904fe\" data-element_type=\"widget\" data-e-type=\"widget\" data-widget_type=\"html.default\">\n\t\t\t\t<div class=\"elementor-widget-container\">\n\t\t\t\t\t<!-- Container und Logo wie gehabt -->\r\n<div id=\"fbIframeDiv\" style=\"position:relative;\"><\/div>\r\n<noscript>Bitte Javascript aktivieren<\/noscript>\r\n<a target=\"_blank\" href=\"https:\/\/www.fundraisingbox.com\" rel=\"noopener\">\r\n  <img decoding=\"async\" style=\"border:0!important\"\r\n       src=\"https:\/\/secure.fundraisingbox.com\/images\/FundraisingBox-Logo-Widget.png\"\r\n       alt=\"FundraisingBox Logo\">\r\n<\/a>\r\n\r\n<script>\r\n(function () {\r\n  const BASE = 'https:\/\/secure.fundraisingbox.com\/app\/paymentJS';\r\n  const HASH = '9hxnvlmoj9wc5ieg';\r\n\r\n  const qp   = new URLSearchParams(window.location.search);\r\n  const out  = new URLSearchParams();\r\n  out.set('hash', HASH);\r\n\r\n  \/\/ Helpers\r\n  const getAny = (...keys) => {\r\n    for (const k of keys) if (qp.has(k) && qp.get(k) !== '') return qp.get(k);\r\n    return '';\r\n  };\r\n  const setIf = (name, value) => { if (value !== '') out.set(name, value); };\r\n  const yesNoToOneZero = (v) => \/^(1|true|on|yes|ja)$\/i.test(String(v||'').trim()) ? '1' : '0';\r\n\r\n  \/\/ -------- Betrag --------\r\n  (function(){\r\n    let amt = getAny('amount','payment[amount]');\r\n    if (amt) {\r\n      amt = amt.replace(',', '.').replace(\/[^\\d.]\/g,'');\r\n      if (amt) out.set('amount', amt);\r\n    }\r\n  })();\r\n\r\n  \/\/ -------- Intervall (0|1|3|6|12) --------\r\n  (function(){\r\n    const raw = getAny('interval','payment[interval]');\r\n    if (!raw) return;\r\n    const v = String(raw).toLowerCase().trim();\r\n    const map = { '0':0,'1':1,'3':3,'6':6,'12':12,\r\n                  'once':0,'einmalig':0,\r\n                  'monthly':1,'monatlich':1,\r\n                  'quarterly':3,'viertelj\u00e4hrlich':3,'vierteljaehrlich':3,\r\n                  'half-yearly':6,'halbj\u00e4hrlich':6,'halbjaehrlich':6,\r\n                  'yearly':12,'j\u00e4hrlich':12,'jaehrlich':12 };\r\n    if (v in map) out.set('interval', map[v]);\r\n  })();\r\n\r\n  \/\/ -------- Projekt \/ Item (Radio \"payment[project]\") --------\r\n  (function(){\r\n    const proj = getAny('fb_project_id','payment[project]');\r\n    if (\/^\\d+$\/.test(proj)) out.set('fb_project_id', proj);\r\n    \/\/ Alternativ: fb_item_id \u2013 nur wenn du Items statt Projects vorbelegen willst\r\n    const item = getAny('fb_item_id','payment[item]');\r\n    if (\/^\\d+$\/.test(item)) out.set('fb_item_id', item);\r\n  })();\r\n\r\n  \/\/ Script einh\u00e4ngen\r\n  const src = BASE + '?' + out.toString();\r\n  const s   = document.createElement('script');\r\n  s.type  = 'text\/javascript';\r\n  s.async = true;\r\n  s.src   = src;\r\n  document.currentScript.parentNode.insertBefore(s, document.currentScript);\r\n})();\r\n<\/script>\t\t\t\t<\/div>\n\t\t\t\t<\/div>\n\t\t\t\t<div class=\"elementor-element elementor-element-d0dccc1 elementor-widget elementor-widget-text-editor\" data-id=\"d0dccc1\" data-element_type=\"widget\" data-e-type=\"widget\" data-widget_type=\"text-editor.default\">\n\t\t\t\t<div class=\"elementor-widget-container\">\n\t\t\t\t\t\t\t\t\t<small style=\"font-weight: 300;\">* Wir ben\u00f6tigen Ihre E-Mail-Adresse, um Ihnen Ihre Spende zu best\u00e4tigen. Au\u00dferdem verwenden wir Ihre oben genannten Daten, um Sie im Rahmen der gesetzlichen Zul\u00e4ssigkeiten \u00fcber aktuelle Ereignisse und Aktionen von steps for children zu informieren. Sie k\u00f6nnen dieser Verwendung jederzeit gegen\u00fcber der Stiftung steps for children , Bramfelder Str. 77, 22305 Hamburg widersprechen, ohne dass hierf\u00fcr andere als die \u00dcbermittlungskosten nach den Basistarifen entstehen. Gerne auch per E-Mail an widerruf@stepsforchildren.de\u00a0<\/span>\n\n<span style=\"font-weight: 300;\">**Wir freuen uns \u00fcber jede Spende. Sollten Sie Ihre Zuwendung einem bestimmten Zweck widmen, bem\u00fchen wir uns, diese entsprechend zu verwenden. Sollte dies nicht mehr m\u00f6glich oder erforderlich sein, kommt Ihre Spende anderen satzungsm\u00e4\u00dfigen Zwecken der Stiftung steps for children zugute. F\u00fcr Ihr Verst\u00e4ndnis bedanken wir uns herzlich.\u00a0<\/span>\n\n<span style=\"font-weight: 300;\">***Da beispielsweise Schuluniformen eingekauft und verteilt, Nahrungsmittel dar\u00fcber hinaus noch zubereitet und steps-Kinder durch Fachpersonal divers gef\u00f6rdert werden, beinhalten die hier angegebenen Kosten anteilig alle Leistungen, die erforderlich sind, um Kindern den jeweiligen Zugang zu Bildung und Ern\u00e4hrung trotz Armut zu erm\u00f6glichen.<\/small>\t\t\t\t\t\t\t\t<\/div>\n\t\t\t\t<\/div>\n\t\t\t\t\t<\/div>\n\t\t\t\t<\/div>\n\t\t\t\t<\/div>\n\t\t","protected":false},"excerpt":{"rendered":"<p>Spende abschlie\u00dfen Bitte Javascript aktivieren * Wir ben\u00f6tigen Ihre E-Mail-Adresse, um Ihnen Ihre Spende zu best\u00e4tigen. Au\u00dferdem verwenden wir Ihre oben genannten Daten, um Sie im Rahmen der gesetzlichen Zul\u00e4ssigkeiten \u00fcber aktuelle Ereignisse und Aktionen von steps for children zu informieren. Sie k\u00f6nnen dieser Verwendung jederzeit gegen\u00fcber der Stiftung steps for children , Bramfelder Str. [&hellip;]<\/p>\n","protected":false},"author":1,"featured_media":0,"parent":2534,"menu_order":0,"comment_status":"closed","ping_status":"closed","template":"","meta":{"site-sidebar-layout":"no-sidebar","site-content-layout":"page-builder","ast-site-content-layout":"full-width-container","site-content-style":"default","site-sidebar-style":"default","ast-global-header-display":"","ast-banner-title-visibility":"","ast-main-header-display":"","ast-hfb-above-header-display":"","ast-hfb-below-header-display":"","ast-hfb-mobile-header-display":"","site-post-title":"","ast-breadcrumbs-content":"","ast-featured-img":"disabled","footer-sml-layout":"","ast-disable-related-posts":"","theme-transparent-header-meta":"","adv-header-id-meta":"","stick-header-meta":"","header-above-stick-meta":"","header-main-stick-meta":"","header-below-stick-meta":"","astra-migrate-meta-layouts":"default","ast-page-background-enabled":"default","ast-page-background-meta":{"desktop":{"background-color":"var(--ast-global-color-4)","background-image":"","background-repeat":"repeat","background-position":"center center","background-size":"auto","background-attachment":"scroll","background-type":"","background-media":"","overlay-type":"","overlay-color":"","overlay-opacity":"","overlay-gradient":""},"tablet":{"background-color":"","background-image":"","background-repeat":"repeat","background-position":"center center","background-size":"auto","background-attachment":"scroll","background-type":"","background-media":"","overlay-type":"","overlay-color":"","overlay-opacity":"","overlay-gradient":""},"mobile":{"background-color":"","background-image":"","background-repeat":"repeat","background-position":"center center","background-size":"auto","background-attachment":"scroll","background-type":"","background-media":"","overlay-type":"","overlay-color":"","overlay-opacity":"","overlay-gradient":""}},"ast-content-background-meta":{"desktop":{"background-color":"var(--ast-global-color-5)","background-image":"","background-repeat":"repeat","background-position":"center center","background-size":"auto","background-attachment":"scroll","background-type":"","background-media":"","overlay-type":"","overlay-color":"","overlay-opacity":"","overlay-gradient":""},"tablet":{"background-color":"var(--ast-global-color-5)","background-image":"","background-repeat":"repeat","background-position":"center center","background-size":"auto","background-attachment":"scroll","background-type":"","background-media":"","overlay-type":"","overlay-color":"","overlay-opacity":"","overlay-gradient":""},"mobile":{"background-color":"var(--ast-global-color-5)","background-image":"","background-repeat":"repeat","background-position":"center center","background-size":"auto","background-attachment":"scroll","background-type":"","background-media":"","overlay-type":"","overlay-color":"","overlay-opacity":"","overlay-gradient":""}},"footnotes":""},"class_list":["post-2974","page","type-page","status-publish","hentry"],"_links":{"self":[{"href":"https:\/\/www.stepsforchildren.de\/en\/wp-json\/wp\/v2\/pages\/2974","targetHints":{"allow":["GET"]}}],"collection":[{"href":"https:\/\/www.stepsforchildren.de\/en\/wp-json\/wp\/v2\/pages"}],"about":[{"href":"https:\/\/www.stepsforchildren.de\/en\/wp-json\/wp\/v2\/types\/page"}],"author":[{"embeddable":true,"href":"https:\/\/www.stepsforchildren.de\/en\/wp-json\/wp\/v2\/users\/1"}],"replies":[{"embeddable":true,"href":"https:\/\/www.stepsforchildren.de\/en\/wp-json\/wp\/v2\/comments?post=2974"}],"version-history":[{"count":11,"href":"https:\/\/www.stepsforchildren.de\/en\/wp-json\/wp\/v2\/pages\/2974\/revisions"}],"predecessor-version":[{"id":40916,"href":"https:\/\/www.stepsforchildren.de\/en\/wp-json\/wp\/v2\/pages\/2974\/revisions\/40916"}],"up":[{"embeddable":true,"href":"https:\/\/www.stepsforchildren.de\/en\/wp-json\/wp\/v2\/pages\/2534"}],"wp:attachment":[{"href":"https:\/\/www.stepsforchildren.de\/en\/wp-json\/wp\/v2\/media?parent=2974"}],"curies":[{"name":"wp","href":"https:\/\/api.w.org\/{rel}","templated":true}]}}