{"id":3138,"date":"2025-09-09T14:26:33","date_gmt":"2025-09-09T12:26:33","guid":{"rendered":"https:\/\/steps.eliasarndt.de\/?page_id=3138"},"modified":"2026-01-12T20:36:31","modified_gmt":"2026-01-12T18:36:31","slug":"press-review","status":"publish","type":"page","link":"https:\/\/www.stepsforchildren.de\/en\/pressespiegel\/","title":{"rendered":"Press review"},"content":{"rendered":"<div data-elementor-type=\"wp-page\" data-elementor-id=\"3138\" class=\"elementor elementor-3138\" data-elementor-post-type=\"page\">\n\t\t\t\t<div class=\"elementor-element elementor-element-c79d533 e-flex e-con-boxed e-con e-parent\" data-id=\"c79d533\" data-element_type=\"container\" data-e-type=\"container\">\n\t\t\t\t\t<div class=\"e-con-inner\">\n\t\t\t\t<div class=\"elementor-element elementor-element-2083363 elementor-widget elementor-widget-spacer\" data-id=\"2083363\" data-element_type=\"widget\" data-e-type=\"widget\" data-widget_type=\"spacer.default\">\n\t\t\t\t<div class=\"elementor-widget-container\">\n\t\t\t\t\t\t\t<div class=\"elementor-spacer\">\n\t\t\t<div class=\"elementor-spacer-inner\"><\/div>\n\t\t<\/div>\n\t\t\t\t\t\t<\/div>\n\t\t\t\t<\/div>\n\t\t\t\t<div class=\"elementor-element elementor-element-82ddeb8 elementor-widget elementor-widget-heading\" data-id=\"82ddeb8\" data-element_type=\"widget\" data-e-type=\"widget\" data-widget_type=\"heading.default\">\n\t\t\t\t<div class=\"elementor-widget-container\">\n\t\t\t\t\t<h2 class=\"elementor-heading-title elementor-size-default\">Press review<\/h2>\t\t\t\t<\/div>\n\t\t\t\t<\/div>\n\t\t\t\t\t<\/div>\n\t\t\t\t<\/div>\n\t\t<div class=\"elementor-element elementor-element-6a90e2e e-flex e-con-boxed e-con e-parent\" data-id=\"6a90e2e\" data-element_type=\"container\" data-e-type=\"container\">\n\t\t\t\t\t<div class=\"e-con-inner\">\n\t\t\t\t<div class=\"elementor-element elementor-element-d185442 elementor-widget elementor-widget-heading\" data-id=\"d185442\" data-element_type=\"widget\" data-e-type=\"widget\" data-widget_type=\"heading.default\">\n\t\t\t\t<div class=\"elementor-widget-container\">\n\t\t\t\t\t<h4 class=\"elementor-heading-title elementor-size-default\"><b>2026<\/b><\/h4>\t\t\t\t<\/div>\n\t\t\t\t<\/div>\n\t\t\t\t<div class=\"elementor-element elementor-element-a6c6d10 elementor-widget elementor-widget-text-editor\" data-id=\"a6c6d10\" data-element_type=\"widget\" data-e-type=\"widget\" data-widget_type=\"text-editor.default\">\n\t\t\t\t<div class=\"elementor-widget-container\">\n\t\t\t\t\t\t\t\t\t<p><a href=\"https:\/\/bremennews.de\/cup-der-oeffentlichen-hochkaraetig-besetzte-werder-legenden-werden-im-finale-vom-vfb-oldenburg-besiegt\/\" target=\"_blank\" rel=\"noopener\">Cup of the Public: High-calibre Werder legends are defeated by VfB Oldenburg in the final. Bremennews.de, <time class=\"date-container minor-meta updated\" datetime=\"2026-01-09T14:48:19+01:00\">Friday, 9 January 2026<\/time><\/a><\/p>\t\t\t\t\t\t\t\t<\/div>\n\t\t\t\t<\/div>\n\t\t\t\t\t<\/div>\n\t\t\t\t<\/div>\n\t\t<div class=\"elementor-element elementor-element-8067e4d e-flex e-con-boxed e-con e-parent\" data-id=\"8067e4d\" data-element_type=\"container\" data-e-type=\"container\">\n\t\t\t\t\t<div class=\"e-con-inner\">\n\t\t\t\t<div class=\"elementor-element elementor-element-11a05c9 elementor-widget elementor-widget-steps_pressespiegel\" data-id=\"11a05c9\" data-element_type=\"widget\" data-e-type=\"widget\" data-widget_type=\"steps_pressespiegel.default\">\n\t\t\t\t<div class=\"elementor-widget-container\">\n\t\t\t\t\t<div class=\"ps-wrap\"><div class=\"ps-group\">  <div class=\"ps-year\">2025<\/div>  <ul class=\"ps-list\"><li><a href=\"https:\/\/www.hamburg-spielt-golf.de\/golf-news\/reader\/wph-sammelt-beim-charity-golfturnier-erneut-ueber-50-000-euro-fuer-die-stiftung-steps-for-children\/\" target=\"_blank\" rel=\"noopener\">wph once again collects over 50,000 euros for the steps for children foundation at charity golf tournament, hamburg-spielt-golf.de, Golf News, Hamburg, 4 September 2025<\/a><\/li><li><a href=\"https:\/\/www.ndr.de\/fernsehen\/sendungen\/hamburg_journal\/Friedrich-Merz-beim-Hamburger-Buergerpreis-der-CDU-Fraktion,hamj155380.html\" target=\"_blank\" rel=\"noopener\">Friedrich Merz at the Hamburg Citizens' Prize of the CDU parliamentary group, NDR television, Hamburg Journal, 24 January 2025, 7:30 p.m.<\/a><\/li><li><a href=\"https:\/\/www.sueddeutsche.de\/wirtschaft\/cdu-verleiht-buergerpreis-merz-will-einen-staatsminister-fuer-das-ehrenamt-dpa.urn-newsml-dpa-com-20090101-250123-930-353598\" target=\"_blank\" rel=\"noopener\">Merz will einen Staatsminister f\u00fcr das Ehrenamt, S\u00fcddeutsche Zeitung, 23. Januar 2025<\/a><\/li><li><a href=\"https:\/\/www.shz.de\/lokales\/elmshorn-barmstedt\/artikel\/ganz-ueberraschend-elmshorns-stadtmanagerin-manuela-kase-geht-48235892\" target=\"_blank\" rel=\"noopener\">Wechsel zu Hamburger Stiftung Ganz \u00fcberraschend: Elmshorns erfolgreiche Stadtmanagerin Manuela Kase geht, shz, Christian Brameshuber, 16. Januar 2025<\/a><\/li><li><a href=\"https:\/\/www.abendblatt.de\/schleswig-holstein\/pinneberg\/article408095935\/stadtmarketing-elmshorn-die-chefin-geht-nach-ueber-15-jahren.html\" target=\"_blank\" rel=\"noopener\">Chef-Werberin f\u00e4ngt in Hamburg neu an: \u201eSchade, dass sie geht\u201c , Hamburger Abendblatt, Ulrich St\u00fcckler, 16. Januar 2025<\/a><\/li><li><a href=\"https:\/\/hamburg.mitvergnuegen.com\/2025\/soziale-organisationen-hamburg\/\" target=\"_blank\" rel=\"noopener\">11 soziale Organisationen, die es sich zu unterst\u00fctzen lohnt, Mit Vergn\u00fcgen, Hamburg 14. Januar 2025<\/a><\/li>  <\/ul><\/div><div class=\"ps-group\">  <div class=\"ps-year\">2024<\/div>  <ul class=\"ps-list\"><li><a href=\"https:\/\/www.srf.ch\/play\/tv\/mitenand\/video\/namibia---dank-bildung-werden-traeume-wahr?urn=urn:srf:video:fa5ac3f7-bfc1-4712-bfbe-b61a513947bc\" target=\"_blank\" rel=\"noopener\">Dank Bildung werden Tr\u00e4ume wahr, SRF 1 mitenand, 10. November 2024 &#8211; Live TV<\/a><\/li><li><a href=\"https:\/\/www.stepsforchildren.de\/wp-content\/uploads\/2024\/06\/Schule-an-der-Gartenstadt_Hilfsprojekt-steps-for-children_Wochenblatt-Seite-6-15.6.2024.jpeg\" target=\"_blank\" rel=\"noopener\">Hilfsprojekt &#8222;Steps for Children&#8220; Kinder (der Schule an der Gartenstadt) sammeln 10.000 \u20ac durch Sponsorenlauf, Wochenblatt Wandsbek\/Jenfeld, Nr. 24, Seite 6, 15.Juni 2024<\/a><\/li><li><a href=\"https:\/\/www.lifepr.de\/pressemitteilung\/town-country-stiftung\/1-111-Euro-fuer-fruehkindliche-Bildung-in-Namibia\/boxid\/977835\" target=\"_blank\" rel=\"noopener\">Town &amp; Country Foundation supports steps for children foundation (Hamburg), lifePR, 29 February 2024<\/a><\/li><li><a href=\"https:\/\/www.stepsforchildren.de\/wp-content\/uploads\/2024\/01\/2024-01-04_Wiesbadener_Kurier_Stadtausgabe_Seite_10.pdf\" target=\"_blank\" rel=\"noopener\">With grandpa in tow to Africa, Wiesbadener Kurier city edition, p.10, 4 January 2024<\/a><\/li>  <\/ul><\/div><div class=\"ps-group\">  <div class=\"ps-year\">2023<\/div>  <ul class=\"ps-list\"><li><a href=\"https:\/\/www.stepsforchildren.de\/wp-content\/uploads\/2023\/05\/Tango-in-Fado-oder-Aufbruch-in-eine-gute-Zukunft_Westfalenpost-S.-29.-April-2023.pdf\" target=\"_blank\" rel=\"noopener\">&#8222;Tango in Fado oder Aufbruch in eine gute Zukunft&#8220;, Westfalenpost S. 3, 29. April 2023<\/a><\/li><li><a href=\"https:\/\/www.stepsforchildren.de\/wp-content\/uploads\/2023\/04\/Kinder-basteln-fuer-Namibia_Dh_Weser-Kurier-24.3.23.pdf\" target=\"_blank\" rel=\"noopener\">Kinder basteln f\u00fcr Namibia, Delmenhorst, Weser Kurier, 24.03.2023<\/a><\/li><li><a href=\"https:\/\/www.stepsforchildren.de\/wp-content\/uploads\/2023\/01\/Mir-war-immer-klar-dass-ich-mit-50-aufhoere-zu-arbeiten.-Michael-Hoppe_Hamburger-Abendblatt_S.6_25.1.2023.pdf\" target=\"_blank\" rel=\"noopener\">Michael Hoppe: &#8222;War immer klar, dass ich mit Anfang 50 aufh\u00f6re zu arbeiten\u201c, Hamburger Abendblatt, S.6, 25.01.2023<\/a><\/li><li><a href=\"https:\/\/www.stepsforchildren.de\/wp-content\/uploads\/2023\/01\/Brother-Insight-Magazin-2023.pdf\" target=\"_blank\" rel=\"noopener\">brother insight, Januar 2023<\/a><\/li><li><a href=\"https:\/\/www.stepsforchildren.de\/wp-content\/uploads\/2023\/04\/Chefsache-Loesungen-fuer-Unternehmer_1_2023.pdf\" target=\"_blank\" rel=\"noopener\">&#8222;Die beste Idee meines Lebens&#8220;, Chefsache, L\u00f6sungen f\u00fcr Unternehmer, S.22, Ausgabe 1_2023<\/a><\/li>  <\/ul><\/div><div class=\"ps-group\">  <div class=\"ps-year\">2022<\/div>  <ul class=\"ps-list\"><li><a href=\"https:\/\/www.dk-online.de\/lokales\/delmenhorst\/artikel\/rekordeinnahme-beim-weihnachten-am-willms-basar-in-delmenhorst-43676091\" target=\"_blank\" rel=\"noopener\">Spende an \u201esteps for children\u201c &#8211;  Rekordeinnahme bei Basar \u201eWeihnachten am Willms\u201c in Delmenhorst. Delmenhorster Kreisblatt Online, 02.12.2022<\/a><\/li><li><a href=\"https:\/\/www.stepsforchildren.de\/wp-content\/uploads\/2023\/01\/Kleine-Schritte-grosse-Wirkung.pdf\" target=\"_blank\" rel=\"noopener\">Kleine Schritte, gro\u00dfe Wirkung, Fundraising-Magazin, Seite 48\/49, 4\/2022<\/a><\/li><li><a href=\"https:\/\/www.stepsforchildren.de\/wp-content\/uploads\/2023\/01\/Foerderung-fuer-Waisen_Suedafrika-2022.pdf\" target=\"_blank\" rel=\"noopener\">Zauberberg der Kalahari, S\u00fcd-Afrika Magazin, Seite 50,51, 54, Ausgabe 2, September 2022<\/a><\/li><li><a href=\"https:\/\/www.stepsforchildren.de\/wp-content\/uploads\/2023\/01\/PRESSEMITTEILUNG-JFV-Kinzigtal-Baellespende-Namibia_September-2022.pdf\" target=\"_blank\" rel=\"noopener\">JFV Kinzigtal spendet Fu\u00dfb\u00e4lle f\u00fcr Kids in Namibia, Osthessen Zeitung, September 2022<\/a><\/li><li><a href=\"https:\/\/www.stepsforchildren.de\/wp-content\/uploads\/2023\/01\/Zwei-Projekte-ein-Ziel-Bildung-in-Namibia_Die-Stiftung-Magazin-2022.pdf\" target=\"_blank\" rel=\"noopener\">Zwei Projekte ein Ziel Bildung in Namibia, Die Stiftung, Ausgabe 6, August 2022<\/a><\/li><li><a href=\"https:\/\/www.stepsforchildren.de\/wp-content\/uploads\/2023\/01\/Anzeige-Bild-der-Wissenschaft-2022.pdf\" target=\"_blank\" rel=\"noopener\">Freianzeige, Bild der Wissenschaft, August\/September 2022<\/a><\/li>  <\/ul><\/div><div class=\"ps-group\">  <div class=\"ps-year\">2021<\/div>  <ul class=\"ps-list\"><li><a href=\"https:\/\/www.stepsforchildren.de\/wp-content\/uploads\/2021\/04\/BdW_I_2021.05_Studienreise-Namibia_Flyer.pdf\" target=\"_blank\" rel=\"noopener\">Studienreise Namibia, Flyer, Bild der Wissenschaft, Seite 4, Mai 2021<\/a><\/li><li><a href=\"https:\/\/www.stepsforchildren.de\/wp-content\/uploads\/2021\/04\/19.4.21-Bild-der-Wissenschaft-Freianzeige-1-scaled.jpg\" target=\"_blank\" rel=\"noopener\">Freianzeige, Bild der Wissenschaft, Mai 2021<\/a><\/li><li><a href=\"https:\/\/www.stepsforchildren.de\/wp-content\/uploads\/2021\/03\/RC-fuer-OKK-scaled.jpg\" target=\"_blank\" rel=\"noopener\">Rotarier spenden 5000 Euro, Delmenhorster Kreisblatt, 10.03.2021<\/a><\/li><li><a href=\"https:\/\/www.stepsforchildren.de\/wp-content\/uploads\/2021\/03\/RC-fuer-OKK-scaled.jpg\" target=\"_blank\" rel=\"noopener\">5000 Euro f\u00fcr Kinder, Delme Report, 10.03.2021<\/a><\/li>  <\/ul><\/div><div class=\"ps-group\">  <div class=\"ps-year\">2020<\/div>  <ul class=\"ps-list\"><li><a href=\"https:\/\/www.stepsforchildren.de\/wp-content\/uploads\/2021\/03\/Mit-Vergnuegen.png\" target=\"_blank\" rel=\"noopener\">Hamburg With pleasure 11 social organisations Hamburg, November 2020<\/a><\/li><li><a href=\"https:\/\/www.stepsforchildren.de\/wp-content\/uploads\/2020\/03\/Auszug_Plan-Jahresbericht_2019.pdf\" target=\"_blank\" rel=\"noopener\">Michael Hoppe in Simbabwe, Jahresbericht Stiftung Hilfe mit Plan 2019, Seite 7<\/a><\/li>  <\/ul><\/div><div class=\"ps-group\">  <div class=\"ps-year\">2019<\/div>  <ul class=\"ps-list\"><li><a href=\"https:\/\/www.stepsforchildren.de\/wp-content\/uploads\/2020\/03\/WELT-HH_201910.pdf\" target=\"_blank\" rel=\"noopener\">Gastronomy P\u00fctter donates to aid projects, DIE WELT Saturday, 26 October 2019<\/a><\/li><li><a href=\"https:\/\/www.stepsforchildren.de\/wp-content\/uploads\/2020\/03\/Mrs.Sporty_SaselMagazin.pdf\" target=\"_blank\" rel=\"noopener\">Perspectives instead of flight, Sasel issue 10\/2019, page 16<\/a><\/li><li><a href=\"https:\/\/www.stepsforchildren.de\/wp-content\/uploads\/2020\/03\/MOIN-HAMBURG-OKTOBER_Golfturnier_wph2019.pdf\" target=\"_blank\" rel=\"noopener\">18 holes that bring joy and help, MOIN HAMBURG, October 2019, page 42<\/a><\/li><li><a href=\"https:\/\/www.stepsforchildren.de\/wp-content\/uploads\/2020\/03\/Stephan-Hock-AZ--rotated.jpg\" target=\"_blank\" rel=\"noopener\">Stephan Hock publishes online cookbook, Allgemeine Zeitung Namibia 5 July 2019<\/a><\/li><li><a href=\"https:\/\/alt.stepsforchildren.de\/wp-content\/uploads\/2019\/10\/MA_Magazin-Brother_April-2019.pdf\" target=\"_blank\" rel=\"noopener\">steps for children foundation - A heartfelt thank you, brother insight, spring 2019, page 24\/25<\/a><\/li>  <\/ul><\/div><div class=\"ps-group\">  <div class=\"ps-year\">2018<\/div>  <ul class=\"ps-list\"><li><a href=\"https:\/\/alt.stepsforchildren.de\/wp-content\/uploads\/2019\/10\/Willms-Basar-DK-DEZ-2018.pdf\" target=\"_blank\" rel=\"noopener\">Bazaar breaks record, Delmenhorster Kreisblatt, 3.12.2018<\/a><\/li><li><a href=\"https:\/\/alt.stepsforchildren.de\/wp-content\/uploads\/2019\/10\/brother_Mitarbeitermagazin_insight_Herbst-Winter-2018.pdf\" target=\"_blank\" rel=\"noopener\">steps for children foundation, brother insight, autumn\/winter 2018, page 17<\/a><\/li><li><a href=\"https:\/\/www.hildesheimer-allgemeine.de\/news\/article\/die-lebensaufgabe-in-afrika-gefunden.html\" target=\"_blank\" rel=\"noopener\">Die Lebensaufgabe in Afrika gefunden, Hildesheimer Allgemeine Zeitung, 30.06.2018<\/a><\/li><li><a href=\"https:\/\/alt.stepsforchildren.de\/wp-content\/uploads\/2019\/10\/2018_CharityGolf_BFWregional_wph.jpg\" target=\"_blank\" rel=\"noopener\">FWW \u2013 Die Zeitschrift der mittelst\u00e4ndischen Immobilienwirtschaft 05\/2018, Seite 69 Landesverband Nord, herausgegeben vom BFW Bundesverband Freier Immobilien- und Wohnungsunternehmen<\/a><\/li>  <\/ul><\/div><div class=\"ps-group\">  <div class=\"ps-year\">2017<\/div>  <ul class=\"ps-list\"><li><a href=\"https:\/\/alt.stepsforchildren.de\/wp-content\/uploads\/2019\/10\/18-Lo%CC%88cher-die-helfen-Freude-bringen-HAMBURG-im-Blick-24.09.2017.pdf\" target=\"_blank\" rel=\"noopener\">18-L\u00f6cher, die helfen &#038; Freude bringen, HAMBURG im Blick, 24.09.2017<\/a><\/li><li><a href=\"https:\/\/alt.stepsforchildren.de\/wp-content\/uploads\/2019\/10\/2017-09-17_ePaper_WAMS_RegioHamburg_Immo_Redaktionsseite.pdf\" target=\"_blank\" rel=\"noopener\">Golf und Helfen, WELT AM SONNTAG (RegioHamburg), 17.09.2017<\/a><\/li><li><a href=\"https:\/\/alt.stepsforchildren.de\/wp-content\/uploads\/2019\/10\/wazon_az_p01_010917.pdf\" target=\"_blank\" rel=\"noopener\">Wenn aus Not Perspektive wird, Allgemeine Zeitung Namibia, 1.9.2017<\/a><\/li><li><a href=\"https:\/\/www.weser-kurier.de\/region\/delmenhorster-kurier_artikel,-schuelerfirma-nun-offiziell-nachhaltig-_arid,1600861.html\" target=\"_blank\" rel=\"noopener\">Sch\u00fclerfirma nun offiziell nachhaltig, Delmenhorster Kurier, 19.5.2017<\/a><\/li><li><a href=\"https:\/\/www.e-pages.dk\/weserkurier\/9487\/article\/531793\/1\/1\/render\/?token=9523857694cb3b408f332182a85d5714\" target=\"_blank\" rel=\"noopener\">Ganz nah dran an Mensch und Tier, Weser-Kurier, 2.2.2017<\/a><\/li><li><a href=\"https:\/\/alt.stepsforchildren.de\/wp-content\/uploads\/2019\/10\/SPIEGELClassic-1-2017_Namibia_Hoppe.pdf\" target=\"_blank\" rel=\"noopener\">Die Schwalbe von Windhuk, SPIEGEL CLASSIC 1\/2017 \u2013 Seiten 106-114<\/a><\/li>  <\/ul><\/div><div class=\"ps-group\">  <div class=\"ps-year\">2016<\/div>  <ul class=\"ps-list\"><li><a href=\"https:\/\/www.hamburgerwochenblatt.de\/eppendorf\/lokales\/bundesverdienstkreuz-am-bande-fuer-hamburger-d35271.html\" target=\"_blank\" rel=\"noopener\">Bundesverdienstkreuz am Bande f\u00fcr Hamburger, Hamburger Wochenblatt (Eppendorf), 11.\/12.10.2016<\/a><\/li><li><a href=\"https:\/\/alt.stepsforchildren.de\/wp-content\/uploads\/2019\/10\/PR_Mrs_Sporty_MARKT_8.10.2016.pdf\" target=\"_blank\" rel=\"noopener\">Mrs.Sporty keeps its word, MARKT (www.lokale-wochenzeitungen.de), 8 October 2016<\/a><\/li><li><a href=\"https:\/\/www.az.com.na\/nachrichten\/auszeichnung-fr-besondere-leistungen\/\" target=\"_blank\" rel=\"noopener\">Award for special achievements, Allgemeine Zeitung Namibia, 22 September 2016<\/a><\/li><li><a href=\"https:\/\/alt.stepsforchildren.de\/wp-content\/uploads\/2019\/10\/Naumburger-Tageblatt_Mitteldeutsche-Zeitung_S.11_21.9.2016.pdf\" target=\"_blank\" rel=\"noopener\">Excess baggage thanks to donations, Naumburger Tageblatt\/Mitteldeutsche Zeitung, 21 September 2016, page 11<\/a><\/li><li><a href=\"https:\/\/www.winterthurer-zeitung.ch\/sport\/detail\/article\/golfen-fuer-aids-waise-kleinkinder-0086208\/\" target=\"_blank\" rel=\"noopener\">Golfing for AIDS orphan infants, Winterthurer Zeitung, 14.6.2016<\/a><\/li><li><a href=\"https:\/\/www.die-stiftung.de\/nachrichten-service\/personalia\/bundesverdienstkreuz-fuer-56444\/\" target=\"_blank\" rel=\"noopener\">Bundesverdienstkreuz f\u00fcr Dr. Michael Hoppe, Die Stiftung, 6.6.2016<\/a><\/li><li><a href=\"https:\/\/alt.stepsforchildren.de\/wp-content\/uploads\/2019\/10\/steps-for-children_Hamburger-Abendblatt-21.-22.05.2016.pdf\" target=\"_blank\" rel=\"noopener\">Bildung und Essen f\u00fcr Aids-Waisen, Hamburger Abendblatt, 21.\/22.5.2016 (Seite 8 unten)<\/a><\/li><li><a href=\"https:\/\/alt.stepsforchildren.de\/wp-content\/uploads\/2019\/10\/Eppendorf_KW03_10.pdf\" target=\"_blank\" rel=\"noopener\">Foundation helps children in Namibia, Eppendorfer Wochenblatt, 20.1.2016<\/a><\/li>  <\/ul><\/div><div class=\"ps-group\">  <div class=\"ps-year\">2015<\/div>  <ul class=\"ps-list\"><li><a href=\"https:\/\/alt.stepsforchildren.de\/wp-content\/uploads\/2019\/10\/Arikel_mssporty.pdf\" target=\"_blank\" rel=\"noopener\">Perspectives instead of flight Mrs Sporty is committed to a children's aid project in Africa in: MARKT, local weekly newspaper 12.12.2015<\/a><\/li><li><a href=\"https:\/\/alt.stepsforchildren.de\/wp-content\/uploads\/2019\/10\/Alsteranzeiger_17Spept2015.pdf\" target=\"_blank\" rel=\"noopener\">Small steps for the future, Alster-Anzeiger 17.9.2015<\/a><\/li><li><a href=\"https:\/\/hugepdf.com\/download\/imagesprockhvel-image-die-monatsmagazine-fr-witten-5_pdf\" target=\"_blank\" rel=\"noopener\">Winding forest paths, Hobeuken primary school, September 2015 p. 24<\/a><\/li><li><a href=\"https:\/\/www.eimsbuetteler-nachrichten.de\/finale-fuer-den-bunker\/\" target=\"_blank\" rel=\"noopener\">Finale f\u00fcr den Bunker, Eimsb\u00fcttler Nachricht, 25.8.2015<\/a><\/li><li><a href=\"https:\/\/alt.stepsforchildren.de\/wp-content\/uploads\/2019\/10\/TUHH-spektrum_201505.pdf\" target=\"_blank\" rel=\"noopener\">Namibia, TUHH Spektrum, Mai 2015, Campus 77<\/a><\/li><li><a href=\"https:\/\/alt.stepsforchildren.de\/wp-content\/uploads\/2019\/10\/Alstertal_Mai.pdf\" target=\"_blank\" rel=\"noopener\">\u201eErwartungen wurden \u00fcbertroffen&#8220;, Alster-Anzeiger Mai 2015<\/a><\/li><li><a href=\"https:\/\/www.nithh.de\/de\/media\/news-events\/detail-de\/zwischen-golden-gate-bridge-und-masterarbeit\/\" target=\"_blank\" rel=\"noopener\">Zwischen Golden Gate Bridge und Masterarbeit Quelle: www.nithh.de, 17.03.2015<\/a><\/li><li><a href=\"https:\/\/alt.stepsforchildren.de\/wp-content\/uploads\/2019\/10\/Alstertal_Februar.pdf\" target=\"_blank\" rel=\"noopener\">Namibia \u2013 mein Land,  Alster-Anzeiger Februar 2015<\/a><\/li>  <\/ul><\/div><div class=\"ps-group\">  <div class=\"ps-year\">2014<\/div>  <ul class=\"ps-list\"><li><a href=\"https:\/\/www.sport1.de\/boulevard\/2014\/07\/artikel_925355#RSS\" target=\"_blank\" rel=\"noopener\">Maximilian Beister: Ein Herz f\u00fcr Kinder. Quelle: Sport1.de, 23.07.2014 (Boulevard)<\/a><\/li><li><a href=\"https:\/\/alt.stepsforchildren.de\/wp-content\/uploads\/2019\/10\/c4cfb_delmenhorster_kreisblatt_24.3.2014_s.2.pdf\" target=\"_blank\" rel=\"noopener\">St Christophorus daycare centre is committed to Africa. Source: Delmenhorster Kreisblatt, 24\/03\/2014, page 2<\/a><\/li><li><a href=\"https:\/\/alt.stepsforchildren.de\/wp-content\/uploads\/2019\/10\/09fab_nwz_20.3.2014.pdf\" target=\"_blank\" rel=\"noopener\">Pupils raise record amount for children in Africa. Source: Nord West Zeitung, 20\/03\/2014<\/a><\/li><li><a href=\"https:\/\/alt.stepsforchildren.de\/wp-content\/uploads\/2019\/10\/f0def_delmenhorster_kreisblatt_20.3.2014.pdf\" target=\"_blank\" rel=\"noopener\">Pupils collect over 4000 euros for aid project. Source: Delmenhorster Kreisblatt, 20\/03\/2014<\/a><\/li><li><a href=\"https:\/\/www.mz.de\/amp\/lokal\/naumburg\/erlebnistour-im-hintergrund-brullen-lowen-1765323\" target=\"_blank\" rel=\"noopener\">\u201eLions roar in the background\u201c - adventure tour by Silke Schoder. Source: Naumburger Tageblatt, 08.01.2014<\/a><\/li>  <\/ul><\/div><div class=\"ps-group\">  <div class=\"ps-year\">2011<\/div>  <ul class=\"ps-list\"><li><a href=\"https:\/\/www.abendblatt.de\/hamburg\/persoenlich\/article108069499\/Vom-Firmenchef-zum-Entwicklungshelfer.html\" target=\"_blank\" rel=\"noopener\">From company boss to development aid worker, Hamburger Abendblatt, 3 August 2011<\/a><\/li>  <\/ul><\/div><\/div>\t\t\t\t<\/div>\n\t\t\t\t<\/div>\n\t\t\t\t\t<\/div>\n\t\t\t\t<\/div>\n\t\t\t\t<\/div>","protected":false},"excerpt":{"rendered":"<p>Pressespiegel 2026 Cup der \u00d6ffentlichen: Hochkar\u00e4tig besetzte Werder-Legenden werden im Finale vom VfB Oldenburg besiegt. Bremennews.de, Freitag, 9. Januar 2026 2025 wph sammelt beim Charity-Golfturnier erneut \u00fcber 50.000 Euro f\u00fcr die Stiftung steps for children, hamburg-spielt-golf.de, Golf News, Hamburg, 4. September 2025 Friedrich Merz beim Hamburger B\u00fcrgerpreis der CDU-Fraktion, NDR Fernsehen, Hamburg Journal, 24. Januar [&hellip;]<\/p>\n","protected":false},"author":1,"featured_media":0,"parent":0,"menu_order":0,"comment_status":"closed","ping_status":"closed","template":"","meta":{"site-sidebar-layout":"no-sidebar","site-content-layout":"page-builder","ast-site-content-layout":"full-width-container","site-content-style":"default","site-sidebar-style":"default","ast-global-header-display":"","ast-banner-title-visibility":"","ast-main-header-display":"","ast-hfb-above-header-display":"","ast-hfb-below-header-display":"","ast-hfb-mobile-header-display":"","site-post-title":"","ast-breadcrumbs-content":"","ast-featured-img":"disabled","footer-sml-layout":"","ast-disable-related-posts":"","theme-transparent-header-meta":"","adv-header-id-meta":"","stick-header-meta":"","header-above-stick-meta":"","header-main-stick-meta":"","header-below-stick-meta":"","astra-migrate-meta-layouts":"default","ast-page-background-enabled":"default","ast-page-background-meta":{"desktop":{"background-color":"var(--ast-global-color-4)","background-image":"","background-repeat":"repeat","background-position":"center center","background-size":"auto","background-attachment":"scroll","background-type":"","background-media":"","overlay-type":"","overlay-color":"","overlay-opacity":"","overlay-gradient":""},"tablet":{"background-color":"","background-image":"","background-repeat":"repeat","background-position":"center center","background-size":"auto","background-attachment":"scroll","background-type":"","background-media":"","overlay-type":"","overlay-color":"","overlay-opacity":"","overlay-gradient":""},"mobile":{"background-color":"","background-image":"","background-repeat":"repeat","background-position":"center center","background-size":"auto","background-attachment":"scroll","background-type":"","background-media":"","overlay-type":"","overlay-color":"","overlay-opacity":"","overlay-gradient":""}},"ast-content-background-meta":{"desktop":{"background-color":"var(--ast-global-color-5)","background-image":"","background-repeat":"repeat","background-position":"center center","background-size":"auto","background-attachment":"scroll","background-type":"","background-media":"","overlay-type":"","overlay-color":"","overlay-opacity":"","overlay-gradient":""},"tablet":{"background-color":"var(--ast-global-color-5)","background-image":"","background-repeat":"repeat","background-position":"center center","background-size":"auto","background-attachment":"scroll","background-type":"","background-media":"","overlay-type":"","overlay-color":"","overlay-opacity":"","overlay-gradient":""},"mobile":{"background-color":"var(--ast-global-color-5)","background-image":"","background-repeat":"repeat","background-position":"center center","background-size":"auto","background-attachment":"scroll","background-type":"","background-media":"","overlay-type":"","overlay-color":"","overlay-opacity":"","overlay-gradient":""}},"footnotes":""},"class_list":["post-3138","page","type-page","status-publish","hentry"],"_links":{"self":[{"href":"https:\/\/www.stepsforchildren.de\/en\/wp-json\/wp\/v2\/pages\/3138","targetHints":{"allow":["GET"]}}],"collection":[{"href":"https:\/\/www.stepsforchildren.de\/en\/wp-json\/wp\/v2\/pages"}],"about":[{"href":"https:\/\/www.stepsforchildren.de\/en\/wp-json\/wp\/v2\/types\/page"}],"author":[{"embeddable":true,"href":"https:\/\/www.stepsforchildren.de\/en\/wp-json\/wp\/v2\/users\/1"}],"replies":[{"embeddable":true,"href":"https:\/\/www.stepsforchildren.de\/en\/wp-json\/wp\/v2\/comments?post=3138"}],"version-history":[{"count":11,"href":"https:\/\/www.stepsforchildren.de\/en\/wp-json\/wp\/v2\/pages\/3138\/revisions"}],"predecessor-version":[{"id":41983,"href":"https:\/\/www.stepsforchildren.de\/en\/wp-json\/wp\/v2\/pages\/3138\/revisions\/41983"}],"wp:attachment":[{"href":"https:\/\/www.stepsforchildren.de\/en\/wp-json\/wp\/v2\/media?parent=3138"}],"curies":[{"name":"wp","href":"https:\/\/api.w.org\/{rel}","templated":true}]}}