{"id":3204,"date":"2025-09-09T15:28:51","date_gmt":"2025-09-09T13:28:51","guid":{"rendered":"https:\/\/steps.eliasarndt.de\/?page_id=3204"},"modified":"2025-09-09T15:34:20","modified_gmt":"2025-09-09T13:34:20","slug":"become-a-guardian-angel","status":"publish","type":"page","link":"https:\/\/www.stepsforchildren.de\/en\/gutes-tun\/schutzengel-programm\/schutzengel-werden\/","title":{"rendered":"Become a guardian angel"},"content":{"rendered":"<div data-elementor-type=\"wp-page\" data-elementor-id=\"3204\" class=\"elementor elementor-3204\" data-elementor-post-type=\"page\">\n\t\t\t\t<div class=\"elementor-element elementor-element-c79d533 e-flex e-con-boxed e-con e-parent\" data-id=\"c79d533\" data-element_type=\"container\" data-e-type=\"container\">\n\t\t\t\t\t<div class=\"e-con-inner\">\n\t\t\t\t<div class=\"elementor-element elementor-element-2083363 elementor-widget elementor-widget-spacer\" data-id=\"2083363\" data-element_type=\"widget\" data-e-type=\"widget\" data-widget_type=\"spacer.default\">\n\t\t\t\t<div class=\"elementor-widget-container\">\n\t\t\t\t\t\t\t<div class=\"elementor-spacer\">\n\t\t\t<div class=\"elementor-spacer-inner\"><\/div>\n\t\t<\/div>\n\t\t\t\t\t\t<\/div>\n\t\t\t\t<\/div>\n\t\t\t\t\t<\/div>\n\t\t\t\t<\/div>\n\t\t<div class=\"elementor-element elementor-element-8067e4d e-flex e-con-boxed e-con e-parent\" data-id=\"8067e4d\" data-element_type=\"container\" data-e-type=\"container\">\n\t\t\t\t\t<div class=\"e-con-inner\">\n\t\t\t\t<div class=\"elementor-element elementor-element-82ddeb8 elementor-widget elementor-widget-heading\" data-id=\"82ddeb8\" data-element_type=\"widget\" data-e-type=\"widget\" data-widget_type=\"heading.default\">\n\t\t\t\t<div class=\"elementor-widget-container\">\n\t\t\t\t\t<h2 class=\"elementor-heading-title elementor-size-default\">Become a guardian angel<\/h2>\t\t\t\t<\/div>\n\t\t\t\t<\/div>\n\t\t\t\t\t<\/div>\n\t\t\t\t<\/div>\n\t\t<div class=\"elementor-element elementor-element-73a79de e-flex e-con-boxed e-con e-parent\" data-id=\"73a79de\" data-element_type=\"container\" data-e-type=\"container\">\n\t\t\t\t\t<div class=\"e-con-inner\">\n\t\t\t\t<div class=\"elementor-element elementor-element-8f904fe elementor-widget elementor-widget-html\" data-id=\"8f904fe\" data-element_type=\"widget\" data-e-type=\"widget\" data-widget_type=\"html.default\">\n\t\t\t\t<div class=\"elementor-widget-container\">\n\t\t\t\t\t<!-- Container und Logo wie gehabt -->\r\n<div id=\"fbIframeDiv\" style=\"position:relative;\"><\/div>\r\n<noscript>Please activate Javascript<\/noscript>\r\n<a target=\"_blank\" href=\"https:\/\/www.fundraisingbox.com\" rel=\"noopener\">\r\n  <img decoding=\"async\" style=\"border:0!important\"\r\n       src=\"https:\/\/secure.fundraisingbox.com\/images\/FundraisingBox-Logo-Widget.png\"\r\n       alt=\"FundraisingBox Logo\">\r\n<\/a>\r\n\r\n<script type=\"text\/javascript\" src=\"https:\/\/secure.fundraisingbox.com\/app\/paymentJS?hash=ju6rdmr0c46hu4fs\"><\/script>\t\t\t\t<\/div>\n\t\t\t\t<\/div>\n\t\t\t\t<div class=\"elementor-element elementor-element-d0dccc1 elementor-widget elementor-widget-text-editor\" data-id=\"d0dccc1\" data-element_type=\"widget\" data-e-type=\"widget\" data-widget_type=\"text-editor.default\">\n\t\t\t\t<div class=\"elementor-widget-container\">\n\t\t\t\t\t\t\t\t\t<small style=\"font-weight: 300;\">* We need your e-mail address to confirm your donation. In addition, we use your above-mentioned data to inform you about current events and campaigns of steps for children within the scope of legal permissions. You can object to this use at any time to the steps for children foundation, Bramfelder Str. 77, 22305 Hamburg, without incurring any costs other than the transmission costs according to the basic rates. Also by e-mail to widerruf@stepsforchildren.de\u00a0<\/span>\n\n<span style=\"font-weight: 300;\">**We appreciate every donation. If you dedicate your donation to a specific purpose, we will endeavour to use it accordingly. If this is no longer possible or necessary, your donation will be used for other statutory purposes of the steps for children foundation. Thank you very much for your understanding.\u00a0<\/span>\n\n<span style=\"font-weight: 300;\">***Since, for example, school uniforms are purchased and distributed, food is also prepared and steps children are supported diversely by specialised staff, the costs stated here include a proportion of all services required to give children access to education and nutrition despite poverty.<\/small>\t\t\t\t\t\t\t\t<\/div>\n\t\t\t\t<\/div>\n\t\t\t\t\t<\/div>\n\t\t\t\t<\/div>\n\t\t\t\t<\/div>","protected":false},"excerpt":{"rendered":"<p>Schutzengel werden Bitte Javascript aktivieren * Wir ben\u00f6tigen Ihre E-Mail-Adresse, um Ihnen Ihre Spende zu best\u00e4tigen. Au\u00dferdem verwenden wir Ihre oben genannten Daten, um Sie im Rahmen der gesetzlichen Zul\u00e4ssigkeiten \u00fcber aktuelle Ereignisse und Aktionen von steps for children zu informieren. Sie k\u00f6nnen dieser Verwendung jederzeit gegen\u00fcber der Stiftung steps for children , Bramfelder Str. [&hellip;]<\/p>\n","protected":false},"author":1,"featured_media":0,"parent":2869,"menu_order":0,"comment_status":"closed","ping_status":"closed","template":"","meta":{"site-sidebar-layout":"no-sidebar","site-content-layout":"page-builder","ast-site-content-layout":"full-width-container","site-content-style":"default","site-sidebar-style":"default","ast-global-header-display":"","ast-banner-title-visibility":"","ast-main-header-display":"","ast-hfb-above-header-display":"","ast-hfb-below-header-display":"","ast-hfb-mobile-header-display":"","site-post-title":"","ast-breadcrumbs-content":"","ast-featured-img":"disabled","footer-sml-layout":"","ast-disable-related-posts":"","theme-transparent-header-meta":"","adv-header-id-meta":"","stick-header-meta":"","header-above-stick-meta":"","header-main-stick-meta":"","header-below-stick-meta":"","astra-migrate-meta-layouts":"default","ast-page-background-enabled":"default","ast-page-background-meta":{"desktop":{"background-color":"var(--ast-global-color-4)","background-image":"","background-repeat":"repeat","background-position":"center center","background-size":"auto","background-attachment":"scroll","background-type":"","background-media":"","overlay-type":"","overlay-color":"","overlay-opacity":"","overlay-gradient":""},"tablet":{"background-color":"","background-image":"","background-repeat":"repeat","background-position":"center center","background-size":"auto","background-attachment":"scroll","background-type":"","background-media":"","overlay-type":"","overlay-color":"","overlay-opacity":"","overlay-gradient":""},"mobile":{"background-color":"","background-image":"","background-repeat":"repeat","background-position":"center center","background-size":"auto","background-attachment":"scroll","background-type":"","background-media":"","overlay-type":"","overlay-color":"","overlay-opacity":"","overlay-gradient":""}},"ast-content-background-meta":{"desktop":{"background-color":"var(--ast-global-color-5)","background-image":"","background-repeat":"repeat","background-position":"center center","background-size":"auto","background-attachment":"scroll","background-type":"","background-media":"","overlay-type":"","overlay-color":"","overlay-opacity":"","overlay-gradient":""},"tablet":{"background-color":"var(--ast-global-color-5)","background-image":"","background-repeat":"repeat","background-position":"center center","background-size":"auto","background-attachment":"scroll","background-type":"","background-media":"","overlay-type":"","overlay-color":"","overlay-opacity":"","overlay-gradient":""},"mobile":{"background-color":"var(--ast-global-color-5)","background-image":"","background-repeat":"repeat","background-position":"center center","background-size":"auto","background-attachment":"scroll","background-type":"","background-media":"","overlay-type":"","overlay-color":"","overlay-opacity":"","overlay-gradient":""}},"footnotes":""},"class_list":["post-3204","page","type-page","status-publish","hentry"],"_links":{"self":[{"href":"https:\/\/www.stepsforchildren.de\/en\/wp-json\/wp\/v2\/pages\/3204","targetHints":{"allow":["GET"]}}],"collection":[{"href":"https:\/\/www.stepsforchildren.de\/en\/wp-json\/wp\/v2\/pages"}],"about":[{"href":"https:\/\/www.stepsforchildren.de\/en\/wp-json\/wp\/v2\/types\/page"}],"author":[{"embeddable":true,"href":"https:\/\/www.stepsforchildren.de\/en\/wp-json\/wp\/v2\/users\/1"}],"replies":[{"embeddable":true,"href":"https:\/\/www.stepsforchildren.de\/en\/wp-json\/wp\/v2\/comments?post=3204"}],"version-history":[{"count":8,"href":"https:\/\/www.stepsforchildren.de\/en\/wp-json\/wp\/v2\/pages\/3204\/revisions"}],"predecessor-version":[{"id":3213,"href":"https:\/\/www.stepsforchildren.de\/en\/wp-json\/wp\/v2\/pages\/3204\/revisions\/3213"}],"up":[{"embeddable":true,"href":"https:\/\/www.stepsforchildren.de\/en\/wp-json\/wp\/v2\/pages\/2869"}],"wp:attachment":[{"href":"https:\/\/www.stepsforchildren.de\/en\/wp-json\/wp\/v2\/media?parent=3204"}],"curies":[{"name":"wp","href":"https:\/\/api.w.org\/{rel}","templated":true}]}}