{"id":3236,"date":"2025-09-15T14:20:34","date_gmt":"2025-09-15T12:20:34","guid":{"rendered":"https:\/\/steps.eliasarndt.de\/?page_id=3236"},"modified":"2026-03-27T15:35:03","modified_gmt":"2026-03-27T13:35:03","slug":"downloads","status":"publish","type":"page","link":"https:\/\/www.stepsforchildren.de\/en\/downloads\/","title":{"rendered":"Downloads"},"content":{"rendered":"<div data-elementor-type=\"wp-page\" data-elementor-id=\"3236\" class=\"elementor elementor-3236\" data-elementor-post-type=\"page\">\n\t\t\t\t<div class=\"elementor-element elementor-element-c79d533 e-flex e-con-boxed e-con e-parent\" data-id=\"c79d533\" data-element_type=\"container\" data-e-type=\"container\">\n\t\t\t\t\t<div class=\"e-con-inner\">\n\t\t\t\t<div class=\"elementor-element elementor-element-2083363 elementor-widget elementor-widget-spacer\" data-id=\"2083363\" data-element_type=\"widget\" data-e-type=\"widget\" data-widget_type=\"spacer.default\">\n\t\t\t\t<div class=\"elementor-widget-container\">\n\t\t\t\t\t\t\t<div class=\"elementor-spacer\">\n\t\t\t<div class=\"elementor-spacer-inner\"><\/div>\n\t\t<\/div>\n\t\t\t\t\t\t<\/div>\n\t\t\t\t<\/div>\n\t\t\t\t\t<\/div>\n\t\t\t\t<\/div>\n\t\t<div class=\"elementor-element elementor-element-8067e4d e-flex e-con-boxed e-con e-parent\" data-id=\"8067e4d\" data-element_type=\"container\" data-e-type=\"container\">\n\t\t\t\t\t<div class=\"e-con-inner\">\n\t\t\t\t<div class=\"elementor-element elementor-element-82ddeb8 elementor-widget elementor-widget-heading\" data-id=\"82ddeb8\" data-element_type=\"widget\" data-e-type=\"widget\" data-widget_type=\"heading.default\">\n\t\t\t\t<div class=\"elementor-widget-container\">\n\t\t\t\t\t<h2 class=\"elementor-heading-title elementor-size-default\">Downloads<\/h2>\t\t\t\t<\/div>\n\t\t\t\t<\/div>\n\t\t\t\t\t<\/div>\n\t\t\t\t<\/div>\n\t\t<div class=\"elementor-element elementor-element-5da383a e-flex e-con-boxed e-con e-parent\" data-id=\"5da383a\" data-element_type=\"container\" data-e-type=\"container\">\n\t\t\t\t\t<div class=\"e-con-inner\">\n\t\t\t\t<div class=\"elementor-element elementor-element-9a64abf elementor-widget elementor-widget-text-editor\" data-id=\"9a64abf\" data-element_type=\"widget\" data-e-type=\"widget\" data-widget_type=\"text-editor.default\">\n\t\t\t\t<div class=\"elementor-widget-container\">\n\t\t\t\t\t\t\t\t\t<h4 style=\"text-align: left;\">steps for children foundation<\/h4><p><a href=\"https:\/\/www.stepsforchildren.de\/wp-content\/uploads\/2026\/03\/SFC_Haupt_InverseOrange_RGB-Logo.svg\">Logo steps for children foundation Invers<\/a><br \/><a href=\"https:\/\/www.stepsforchildren.de\/wp-content\/uploads\/2026\/03\/SFC_Flyer-2026.pdf\" target=\"_blank\" rel=\"noopener\">Flyer steps for children foundation<\/a><\/p><h4>Info sheets<\/h4><p><a href=\"https:\/\/www.stepsforchildren.de\/wp-content\/uploads\/2026\/03\/SFC_OnePager_Kurzbeschreibung.pdf\" target=\"_blank\" rel=\"noopener\">Info sheet steps for children foundation<\/a><\/p><p><a href=\"https:\/\/www.stepsforchildren.de\/wp-content\/uploads\/2025\/10\/soziale-steps_2023.pdf\">Info sheet social steps<\/a><\/p><p><a href=\"https:\/\/www.stepsforchildren.de\/wp-content\/uploads\/2025\/10\/steps-Schutzengel_Programm_2023-1.pdf\">Info sheet Guardian Angel Programme<\/a><\/p><p><a href=\"https:\/\/www.stepsforchildren.de\/wp-content\/uploads\/2025\/10\/steps-homes-Programm_2023.pdf\">Info sheet steps homes programme<\/a><\/p><p><a href=\"https:\/\/www.stepsforchildren.de\/wp-content\/uploads\/2025\/10\/Einkommen-erzielende-steps_2023.pdf\">Info sheet on income-generating steps<\/a><\/p><p><a href=\"https:\/\/www.stepsforchildren.de\/wp-content\/uploads\/2025\/10\/steps_Gaestehaeuser_2023.pdf\">Info sheet steps guest houses<\/a><\/p><p><a href=\"https:\/\/www.stepsforchildren.de\/wp-content\/uploads\/2025\/10\/Flyer-Einleger-Unternehmen-2023_final.pdf\">Information sheet for companies<\/a><\/p><p><a href=\"https:\/\/www.stepsforchildren.de\/wp-content\/uploads\/2025\/10\/Anlassspenden_03_2019.pdf\">Information sheet for event donations<\/a><\/p><h4>Templates for your newsletter<\/h4><p><a href=\"https:\/\/www.stepsforchildren.de\/wp-content\/uploads\/2025\/10\/Text-1_steps-for-children.docx\">Text 1<\/a><\/p><p><a href=\"https:\/\/www.stepsforchildren.de\/wp-content\/uploads\/2025\/10\/Text-2_steps-for-children.docx\">Text 2<\/a><\/p><p><a href=\"https:\/\/www.stepsforchildren.de\/wp-content\/uploads\/2025\/10\/steps-for-children-2.png\">Education for children. Now.<\/a><\/p><p><a href=\"https:\/\/www.stepsforchildren.de\/wp-content\/uploads\/2025\/10\/steps-for-children_3.png\">Educational opportunities<\/a><\/p><p><a href=\"https:\/\/www.stepsforchildren.de\/wp-content\/uploads\/2025\/10\/steps-for-children_4.png\">steps child with cap<\/a><\/p><p><a href=\"https:\/\/www.stepsforchildren.de\/wp-content\/uploads\/2025\/10\/steps-for-children_1.png\">Kindergarten children<\/a><\/p><h4>Free adverts<\/h4><p><strong>Free space? Do something good!<\/strong><\/p><p>Still have a free ad space just before the editorial deadline? We can provide you with professionally designed adverts free of charge.<\/p><p>With this publication you support our work for disadvantaged children in Namibia. What makes it special: Our foundation combines social projects with economic initiatives - for sustainable help that lasts.<\/p><p>All available display information can be found here. We will be happy to send you further variants on request:<\/p><p><strong>E-mail: info@stepsforchildren.de<\/strong><\/p><p><strong>Tel: 040 389 027 88<\/strong><\/p>\t\t\t\t\t\t\t\t<\/div>\n\t\t\t\t<\/div>\n\t\t\t\t<div class=\"elementor-element elementor-element-7871e96 elementor-widget elementor-widget-heading\" data-id=\"7871e96\" data-element_type=\"widget\" data-e-type=\"widget\" data-widget_type=\"heading.default\">\n\t\t\t\t<div class=\"elementor-widget-container\">\n\t\t\t\t\t<h4 class=\"elementor-heading-title elementor-size-default\">Annual reports<\/h4>\t\t\t\t<\/div>\n\t\t\t\t<\/div>\n\t\t<div class=\"elementor-element elementor-element-a30eee7 e-grid e-con-full e-con e-child\" data-id=\"a30eee7\" data-element_type=\"container\" data-e-type=\"container\">\n\t\t\t\t<div class=\"elementor-element elementor-element-567b462 elementor-widget elementor-widget-heading\" data-id=\"567b462\" data-element_type=\"widget\" data-e-type=\"widget\" data-widget_type=\"heading.default\">\n\t\t\t\t<div class=\"elementor-widget-container\">\n\t\t\t\t\t<h5 class=\"elementor-heading-title elementor-size-default\"><a href=\"https:\/\/www.stepsforchildren.de\/wp-content\/uploads\/2025\/12\/Jahresbericht_steps-for-children-2024.pdf\">Annual report 2024<\/a><\/h5>\t\t\t\t<\/div>\n\t\t\t\t<\/div>\n\t\t\t\t<div class=\"elementor-element elementor-element-681872a elementor-widget elementor-widget-heading\" data-id=\"681872a\" data-element_type=\"widget\" data-e-type=\"widget\" data-widget_type=\"heading.default\">\n\t\t\t\t<div class=\"elementor-widget-container\">\n\t\t\t\t\t<h5 class=\"elementor-heading-title elementor-size-default\"><a href=\"https:\/\/www.stepsforchildren.de\/wp-content\/uploads\/2025\/10\/Jahresbericht_steps-for-children-2023.pdf\">Annual report 2023<\/a><\/h5>\t\t\t\t<\/div>\n\t\t\t\t<\/div>\n\t\t\t\t<div class=\"elementor-element elementor-element-f1d8840 elementor-widget elementor-widget-heading\" data-id=\"f1d8840\" data-element_type=\"widget\" data-e-type=\"widget\" data-widget_type=\"heading.default\">\n\t\t\t\t<div class=\"elementor-widget-container\">\n\t\t\t\t\t<h5 class=\"elementor-heading-title elementor-size-default\"><a href=\"https:\/\/www.stepsforchildren.de\/wp-content\/uploads\/2025\/10\/steps-for-children_Jahresbericht_2022.pdf\">Annual report 2022<\/a><\/h5>\t\t\t\t<\/div>\n\t\t\t\t<\/div>\n\t\t\t\t<div class=\"elementor-element elementor-element-fc9aa6f elementor-widget elementor-widget-heading\" data-id=\"fc9aa6f\" data-element_type=\"widget\" data-e-type=\"widget\" data-widget_type=\"heading.default\">\n\t\t\t\t<div class=\"elementor-widget-container\">\n\t\t\t\t\t<h5 class=\"elementor-heading-title elementor-size-default\"><a href=\"https:\/\/www.stepsforchildren.de\/wp-content\/uploads\/2025\/10\/Jahresbericht_2021.pdf\">Annual report 2021<\/a><\/h5>\t\t\t\t<\/div>\n\t\t\t\t<\/div>\n\t\t\t\t<div class=\"elementor-element elementor-element-44a4bff elementor-widget elementor-widget-heading\" data-id=\"44a4bff\" data-element_type=\"widget\" data-e-type=\"widget\" data-widget_type=\"heading.default\">\n\t\t\t\t<div class=\"elementor-widget-container\">\n\t\t\t\t\t<h5 class=\"elementor-heading-title elementor-size-default\"><a href=\"https:\/\/www.stepsforchildren.de\/wp-content\/uploads\/2025\/10\/Jahresbericht_2020.pdf\">Annual report 2020<\/a><\/h5>\t\t\t\t<\/div>\n\t\t\t\t<\/div>\n\t\t\t\t<div class=\"elementor-element elementor-element-ef06b4a elementor-widget elementor-widget-heading\" data-id=\"ef06b4a\" data-element_type=\"widget\" data-e-type=\"widget\" data-widget_type=\"heading.default\">\n\t\t\t\t<div class=\"elementor-widget-container\">\n\t\t\t\t\t<h5 class=\"elementor-heading-title elementor-size-default\"><a href=\"https:\/\/www.stepsforchildren.de\/wp-content\/uploads\/2025\/10\/Jahresbericht2019_kl.pdf\">Annual report 2019<\/a><\/h5>\t\t\t\t<\/div>\n\t\t\t\t<\/div>\n\t\t\t\t<div class=\"elementor-element elementor-element-494407c elementor-widget elementor-widget-heading\" data-id=\"494407c\" data-element_type=\"widget\" data-e-type=\"widget\" data-widget_type=\"heading.default\">\n\t\t\t\t<div class=\"elementor-widget-container\">\n\t\t\t\t\t<h5 class=\"elementor-heading-title elementor-size-default\"><a href=\"https:\/\/www.stepsforchildren.de\/wp-content\/uploads\/2025\/10\/Jahresbericht_2018_Final_Web.pdf\">Annual report 2018<\/a><\/h5>\t\t\t\t<\/div>\n\t\t\t\t<\/div>\n\t\t\t\t<div class=\"elementor-element elementor-element-88f55e5 elementor-widget elementor-widget-heading\" data-id=\"88f55e5\" data-element_type=\"widget\" data-e-type=\"widget\" data-widget_type=\"heading.default\">\n\t\t\t\t<div class=\"elementor-widget-container\">\n\t\t\t\t\t<h5 class=\"elementor-heading-title elementor-size-default\"><a href=\"https:\/\/www.stepsforchildren.de\/wp-content\/uploads\/2025\/10\/Jahresbericht-2017_steps.pdf\">Annual report 2017<\/a><\/h5>\t\t\t\t<\/div>\n\t\t\t\t<\/div>\n\t\t\t\t<div class=\"elementor-element elementor-element-6d7dad5 elementor-widget elementor-widget-heading\" data-id=\"6d7dad5\" data-element_type=\"widget\" data-e-type=\"widget\" data-widget_type=\"heading.default\">\n\t\t\t\t<div class=\"elementor-widget-container\">\n\t\t\t\t\t<h5 class=\"elementor-heading-title elementor-size-default\"><a href=\"https:\/\/www.stepsforchildren.de\/wp-content\/uploads\/2025\/10\/Jahresbericht-2016_final.pdf\">Annual report 2016<\/a><\/h5>\t\t\t\t<\/div>\n\t\t\t\t<\/div>\n\t\t\t\t<div class=\"elementor-element elementor-element-bfeba8b elementor-widget elementor-widget-heading\" data-id=\"bfeba8b\" data-element_type=\"widget\" data-e-type=\"widget\" data-widget_type=\"heading.default\">\n\t\t\t\t<div class=\"elementor-widget-container\">\n\t\t\t\t\t<h5 class=\"elementor-heading-title elementor-size-default\"><a href=\"https:\/\/www.stepsforchildren.de\/wp-content\/uploads\/2025\/10\/Jahresbericht_2015.pdf\">Annual report 2015<\/a><\/h5>\t\t\t\t<\/div>\n\t\t\t\t<\/div>\n\t\t\t\t<div class=\"elementor-element elementor-element-853306a elementor-widget elementor-widget-heading\" data-id=\"853306a\" data-element_type=\"widget\" data-e-type=\"widget\" data-widget_type=\"heading.default\">\n\t\t\t\t<div class=\"elementor-widget-container\">\n\t\t\t\t\t<h5 class=\"elementor-heading-title elementor-size-default\"><a href=\"https:\/\/www.stepsforchildren.de\/wp-content\/uploads\/2025\/10\/Jahresbericht-2014.pdf\">Annual report 2014<\/a><\/h5>\t\t\t\t<\/div>\n\t\t\t\t<\/div>\n\t\t\t\t<div class=\"elementor-element elementor-element-8ca6056 elementor-widget elementor-widget-heading\" data-id=\"8ca6056\" data-element_type=\"widget\" data-e-type=\"widget\" data-widget_type=\"heading.default\">\n\t\t\t\t<div class=\"elementor-widget-container\">\n\t\t\t\t\t<h5 class=\"elementor-heading-title elementor-size-default\"><a href=\"https:\/\/www.stepsforchildren.de\/wp-content\/uploads\/2025\/10\/Jahresbericht-2013.pdf\">Annual report 2013<\/a><\/h5>\t\t\t\t<\/div>\n\t\t\t\t<\/div>\n\t\t\t\t<div class=\"elementor-element elementor-element-87bf511 elementor-widget elementor-widget-heading\" data-id=\"87bf511\" data-element_type=\"widget\" data-e-type=\"widget\" data-widget_type=\"heading.default\">\n\t\t\t\t<div class=\"elementor-widget-container\">\n\t\t\t\t\t<h5 class=\"elementor-heading-title elementor-size-default\"><a href=\"https:\/\/www.stepsforchildren.de\/wp-content\/uploads\/2025\/10\/jahresbericht_2012.pdf\">Annual report 2012<\/a><\/h5>\t\t\t\t<\/div>\n\t\t\t\t<\/div>\n\t\t\t\t<div class=\"elementor-element elementor-element-4fe2ec8 elementor-widget elementor-widget-heading\" data-id=\"4fe2ec8\" data-element_type=\"widget\" data-e-type=\"widget\" data-widget_type=\"heading.default\">\n\t\t\t\t<div class=\"elementor-widget-container\">\n\t\t\t\t\t<h5 class=\"elementor-heading-title elementor-size-default\"><a href=\"https:\/\/www.stepsforchildren.de\/wp-content\/uploads\/2025\/10\/rechenschaftsbericht_2011.pdf\">Annual report 2011<\/a><\/h5>\t\t\t\t<\/div>\n\t\t\t\t<\/div>\n\t\t\t\t<div class=\"elementor-element elementor-element-7346057 elementor-widget elementor-widget-heading\" data-id=\"7346057\" data-element_type=\"widget\" data-e-type=\"widget\" data-widget_type=\"heading.default\">\n\t\t\t\t<div class=\"elementor-widget-container\">\n\t\t\t\t\t<h5 class=\"elementor-heading-title elementor-size-default\"><a href=\"https:\/\/www.stepsforchildren.de\/wp-content\/uploads\/2025\/10\/steps_jahresbericht_2010.pdf\">Annual report 2010<\/a><\/h5>\t\t\t\t<\/div>\n\t\t\t\t<\/div>\n\t\t\t\t<div class=\"elementor-element elementor-element-5b6d7ac elementor-widget elementor-widget-heading\" data-id=\"5b6d7ac\" data-element_type=\"widget\" data-e-type=\"widget\" data-widget_type=\"heading.default\">\n\t\t\t\t<div class=\"elementor-widget-container\">\n\t\t\t\t\t<h5 class=\"elementor-heading-title elementor-size-default\"><a href=\"https:\/\/www.stepsforchildren.de\/wp-content\/uploads\/2025\/10\/rechenschaftsbericht_2007_2009.pdf\">Annual report<br>2007 - 2009<\/a><\/h5>\t\t\t\t<\/div>\n\t\t\t\t<\/div>\n\t\t\t\t<\/div>\n\t\t\t\t<div class=\"elementor-element elementor-element-a3fc617 elementor-widget elementor-widget-spacer\" data-id=\"a3fc617\" data-element_type=\"widget\" data-e-type=\"widget\" data-widget_type=\"spacer.default\">\n\t\t\t\t<div class=\"elementor-widget-container\">\n\t\t\t\t\t\t\t<div class=\"elementor-spacer\">\n\t\t\t<div class=\"elementor-spacer-inner\"><\/div>\n\t\t<\/div>\n\t\t\t\t\t\t<\/div>\n\t\t\t\t<\/div>\n\t\t\t\t\t<\/div>\n\t\t\t\t<\/div>\n\t\t\t\t<\/div>","protected":false},"excerpt":{"rendered":"<p>Downloads Stiftung steps for children Logo Stiftung steps for children InversFlyer Stiftung steps for children Infobl\u00e4tter Infoblatt Stiftung steps for children Infoblatt soziale steps Infoblatt Schutzengel-Programm Infoblatt steps homes Programm Infoblatt Einkommen erzielende steps Infoblatt steps G\u00e4steh\u00e4user Infoblatt f\u00fcr Unternehmen Infoblatt f\u00fcr Anlassspenden Vorlagen f\u00fcr Euren Newsletter Text 1 Text 2 Bildung f\u00fcr Kinder. Jetzt. [&hellip;]<\/p>\n","protected":false},"author":1,"featured_media":0,"parent":0,"menu_order":0,"comment_status":"closed","ping_status":"closed","template":"","meta":{"site-sidebar-layout":"no-sidebar","site-content-layout":"page-builder","ast-site-content-layout":"full-width-container","site-content-style":"default","site-sidebar-style":"default","ast-global-header-display":"","ast-banner-title-visibility":"","ast-main-header-display":"","ast-hfb-above-header-display":"","ast-hfb-below-header-display":"","ast-hfb-mobile-header-display":"","site-post-title":"","ast-breadcrumbs-content":"","ast-featured-img":"disabled","footer-sml-layout":"","ast-disable-related-posts":"","theme-transparent-header-meta":"","adv-header-id-meta":"","stick-header-meta":"","header-above-stick-meta":"","header-main-stick-meta":"","header-below-stick-meta":"","astra-migrate-meta-layouts":"default","ast-page-background-enabled":"default","ast-page-background-meta":{"desktop":{"background-color":"var(--ast-global-color-4)","background-image":"","background-repeat":"repeat","background-position":"center center","background-size":"auto","background-attachment":"scroll","background-type":"","background-media":"","overlay-type":"","overlay-color":"","overlay-opacity":"","overlay-gradient":""},"tablet":{"background-color":"","background-image":"","background-repeat":"repeat","background-position":"center center","background-size":"auto","background-attachment":"scroll","background-type":"","background-media":"","overlay-type":"","overlay-color":"","overlay-opacity":"","overlay-gradient":""},"mobile":{"background-color":"","background-image":"","background-repeat":"repeat","background-position":"center center","background-size":"auto","background-attachment":"scroll","background-type":"","background-media":"","overlay-type":"","overlay-color":"","overlay-opacity":"","overlay-gradient":""}},"ast-content-background-meta":{"desktop":{"background-color":"var(--ast-global-color-5)","background-image":"","background-repeat":"repeat","background-position":"center center","background-size":"auto","background-attachment":"scroll","background-type":"","background-media":"","overlay-type":"","overlay-color":"","overlay-opacity":"","overlay-gradient":""},"tablet":{"background-color":"var(--ast-global-color-5)","background-image":"","background-repeat":"repeat","background-position":"center center","background-size":"auto","background-attachment":"scroll","background-type":"","background-media":"","overlay-type":"","overlay-color":"","overlay-opacity":"","overlay-gradient":""},"mobile":{"background-color":"var(--ast-global-color-5)","background-image":"","background-repeat":"repeat","background-position":"center center","background-size":"auto","background-attachment":"scroll","background-type":"","background-media":"","overlay-type":"","overlay-color":"","overlay-opacity":"","overlay-gradient":""}},"footnotes":""},"class_list":["post-3236","page","type-page","status-publish","hentry"],"_links":{"self":[{"href":"https:\/\/www.stepsforchildren.de\/en\/wp-json\/wp\/v2\/pages\/3236","targetHints":{"allow":["GET"]}}],"collection":[{"href":"https:\/\/www.stepsforchildren.de\/en\/wp-json\/wp\/v2\/pages"}],"about":[{"href":"https:\/\/www.stepsforchildren.de\/en\/wp-json\/wp\/v2\/types\/page"}],"author":[{"embeddable":true,"href":"https:\/\/www.stepsforchildren.de\/en\/wp-json\/wp\/v2\/users\/1"}],"replies":[{"embeddable":true,"href":"https:\/\/www.stepsforchildren.de\/en\/wp-json\/wp\/v2\/comments?post=3236"}],"version-history":[{"count":55,"href":"https:\/\/www.stepsforchildren.de\/en\/wp-json\/wp\/v2\/pages\/3236\/revisions"}],"predecessor-version":[{"id":42358,"href":"https:\/\/www.stepsforchildren.de\/en\/wp-json\/wp\/v2\/pages\/3236\/revisions\/42358"}],"wp:attachment":[{"href":"https:\/\/www.stepsforchildren.de\/en\/wp-json\/wp\/v2\/media?parent=3236"}],"curies":[{"name":"wp","href":"https:\/\/api.w.org\/{rel}","templated":true}]}}