{"id":3948,"date":"2025-09-28T18:36:29","date_gmt":"2025-09-28T16:36:29","guid":{"rendered":"https:\/\/steps.eliasarndt.de\/?page_id=3948"},"modified":"2025-11-12T20:48:31","modified_gmt":"2025-11-12T18:48:31","slug":"shopping-basket","status":"publish","type":"page","link":"https:\/\/www.stepsforchildren.de\/en\/warenkorb\/","title":{"rendered":"Shopping basket"},"content":{"rendered":"<div data-elementor-type=\"wp-page\" data-elementor-id=\"3948\" class=\"elementor elementor-3948\" data-elementor-post-type=\"page\">\n\t\t\t\t<div class=\"elementor-element elementor-element-c79d533 e-flex e-con-boxed e-con e-parent\" data-id=\"c79d533\" data-element_type=\"container\" data-e-type=\"container\">\n\t\t\t\t\t<div class=\"e-con-inner\">\n\t\t\t\t<div class=\"elementor-element elementor-element-2083363 elementor-widget elementor-widget-spacer\" data-id=\"2083363\" data-element_type=\"widget\" data-e-type=\"widget\" data-widget_type=\"spacer.default\">\n\t\t\t\t<div class=\"elementor-widget-container\">\n\t\t\t\t\t\t\t<div class=\"elementor-spacer\">\n\t\t\t<div class=\"elementor-spacer-inner\"><\/div>\n\t\t<\/div>\n\t\t\t\t\t\t<\/div>\n\t\t\t\t<\/div>\n\t\t\t\t\t<\/div>\n\t\t\t\t<\/div>\n\t\t<div class=\"elementor-element elementor-element-8067e4d e-flex e-con-boxed e-con e-parent\" data-id=\"8067e4d\" data-element_type=\"container\" data-e-type=\"container\">\n\t\t\t\t\t<div class=\"e-con-inner\">\n\t\t\t\t<div class=\"elementor-element elementor-element-82ddeb8 elementor-widget elementor-widget-heading\" data-id=\"82ddeb8\" data-element_type=\"widget\" data-e-type=\"widget\" data-widget_type=\"heading.default\">\n\t\t\t\t<div class=\"elementor-widget-container\">\n\t\t\t\t\t<h2 class=\"elementor-heading-title elementor-size-default\">Shopping basket<\/h2>\t\t\t\t<\/div>\n\t\t\t\t<\/div>\n\t\t\t\t\t<\/div>\n\t\t\t\t<\/div>\n\t\t<div class=\"elementor-element elementor-element-83a1d26 e-flex e-con-boxed e-con e-parent\" data-id=\"83a1d26\" data-element_type=\"container\" data-e-type=\"container\">\n\t\t\t\t\t<div class=\"e-con-inner\">\n\t\t\t\t<div class=\"elementor-element elementor-element-a30b738 elementor-position-inline-start elementor-view-default elementor-widget elementor-widget-icon-box\" data-id=\"a30b738\" data-element_type=\"widget\" data-e-type=\"widget\" data-widget_type=\"icon-box.default\">\n\t\t\t\t<div class=\"elementor-widget-container\">\n\t\t\t\t\t\t\t<div class=\"elementor-icon-box-wrapper\">\n\n\t\t\t\t\t\t<div class=\"elementor-icon-box-icon\">\n\t\t\t\t<a href=\"https:\/\/www.stepsforchildren.de\/en\/do-good\/donation-shop\/\" class=\"elementor-icon\" tabindex=\"-1\" aria-label=\"Back to the donation shop\">\n\t\t\t\t<i aria-hidden=\"true\" class=\"fas fa-chevron-left\"><\/i>\t\t\t\t<\/a>\n\t\t\t<\/div>\n\t\t\t\n\t\t\t\t\t\t<div class=\"elementor-icon-box-content\">\n\n\t\t\t\t\t\t\t\t\t<span class=\"elementor-icon-box-title\">\n\t\t\t\t\t\t<a href=\"https:\/\/www.stepsforchildren.de\/en\/do-good\/donation-shop\/\" >\n\t\t\t\t\t\t\tBack to the donation shop\t\t\t\t\t\t<\/a>\n\t\t\t\t\t<\/span>\n\t\t\t\t\n\t\t\t\t\n\t\t\t<\/div>\n\t\t\t\n\t\t<\/div>\n\t\t\t\t\t\t<\/div>\n\t\t\t\t<\/div>\n\t\t\t\t\t<\/div>\n\t\t\t\t<\/div>\n\t\t<div class=\"elementor-element elementor-element-8764d3a e-flex e-con-boxed e-con e-parent\" data-id=\"8764d3a\" data-element_type=\"container\" data-e-type=\"container\">\n\t\t\t\t\t<div class=\"e-con-inner\">\n\t\t<div class=\"elementor-element elementor-element-3d39d46 e-con-full e-flex e-con e-child\" data-id=\"3d39d46\" data-element_type=\"container\" data-e-type=\"container\">\n\t\t\t\t<div class=\"elementor-element elementor-element-3b74559 elementor-widget elementor-widget-sfc_cart_widget\" data-id=\"3b74559\" data-element_type=\"widget\" data-e-type=\"widget\" data-widget_type=\"sfc_cart_widget.default\">\n\t\t\t\t<div class=\"elementor-widget-container\">\n\t\t\t\t\t<div class=\"sfc-cart-widget sfc-cart-widget--empty\"><p class=\"sfc-cart-widget__empty\">Dein Warenkorb ist leer.<\/p><\/div>\t\t\t\t<\/div>\n\t\t\t\t<\/div>\n\t\t\t\t<\/div>\n\t\t<div class=\"elementor-element elementor-element-7052f19 e-con-full e-flex e-con e-child\" data-id=\"7052f19\" data-element_type=\"container\" data-e-type=\"container\">\n\t\t<div class=\"elementor-element elementor-element-7c2fc27 e-con-full e-flex e-con e-child\" data-id=\"7c2fc27\" data-element_type=\"container\" data-e-type=\"container\">\n\t\t\t\t<div class=\"elementor-element elementor-element-6e0b6f6 elementor-widget elementor-widget-heading\" data-id=\"6e0b6f6\" data-element_type=\"widget\" data-e-type=\"widget\" data-widget_type=\"heading.default\">\n\t\t\t\t<div class=\"elementor-widget-container\">\n\t\t\t\t\t<h4 class=\"elementor-heading-title elementor-size-default\">Order overview<\/h4>\t\t\t\t<\/div>\n\t\t\t\t<\/div>\n\t\t\t\t<div class=\"elementor-element elementor-element-ef40545 elementor-widget elementor-widget-sfc_cart_overview_widget\" data-id=\"ef40545\" data-element_type=\"widget\" data-e-type=\"widget\" data-widget_type=\"sfc_cart_overview_widget.default\">\n\t\t\t\t<div class=\"elementor-widget-container\">\n\t\t\t\t\t<div class=\"sfc-cart-overview sfc-cart-overview--empty\"><p class=\"sfc-cart-overview__empty sfc-cart-widget__empty\">Dein Warenkorb ist leer.<\/p><\/div>\t\t\t\t<\/div>\n\t\t\t\t<\/div>\n\t\t\t\t<\/div>\n\t\t\t\t<\/div>\n\t\t\t\t\t<\/div>\n\t\t\t\t<\/div>\n\t\t<div class=\"elementor-element elementor-element-d40bea7 e-flex e-con-boxed e-con e-parent\" data-id=\"d40bea7\" data-element_type=\"container\" data-e-type=\"container\">\n\t\t\t\t\t<div class=\"e-con-inner\">\n\t\t\t\t<div class=\"elementor-element elementor-element-92f3e17 elementor-widget elementor-widget-spacer\" data-id=\"92f3e17\" data-element_type=\"widget\" data-e-type=\"widget\" data-widget_type=\"spacer.default\">\n\t\t\t\t<div class=\"elementor-widget-container\">\n\t\t\t\t\t\t\t<div class=\"elementor-spacer\">\n\t\t\t<div class=\"elementor-spacer-inner\"><\/div>\n\t\t<\/div>\n\t\t\t\t\t\t<\/div>\n\t\t\t\t<\/div>\n\t\t\t\t<div class=\"elementor-element elementor-element-cd54c04 elementor-widget elementor-widget-heading\" data-id=\"cd54c04\" data-element_type=\"widget\" data-e-type=\"widget\" data-widget_type=\"heading.default\">\n\t\t\t\t<div class=\"elementor-widget-container\">\n\t\t\t\t\t<h4 class=\"elementor-heading-title elementor-size-default\">Donate more products<\/h4>\t\t\t\t<\/div>\n\t\t\t\t<\/div>\n\t\t\t\t\t<\/div>\n\t\t\t\t<\/div>\n\t\t<div class=\"elementor-element elementor-element-d07f85e e-flex e-con-boxed e-con e-parent\" data-id=\"d07f85e\" data-element_type=\"container\" data-e-type=\"container\">\n\t\t\t\t\t<div class=\"e-con-inner\">\n\t\t\t\t<div class=\"elementor-element elementor-element-31dd6b7 elementor-widget elementor-widget-steps_donate_grid_wc\" data-id=\"31dd6b7\" data-element_type=\"widget\" data-e-type=\"widget\" data-widget_type=\"steps_donate_grid_wc.default\">\n\t\t\t\t<div class=\"elementor-widget-container\">\n\t\t\t\t\t<div class=\"sds-wrap sds-grid-mode\" style=\"--gap:24px;--radius:22px;--bg:#F5EEE9;--badge-bg:#F18520;--badge-text:#ffffff;--media-h:242px;--grid-min:270px;\">  <div class=\"sds-grid\">    <a class=\"sds-card\" href=\"https:\/\/www.stepsforchildren.de\/en\/gutes-tun\/spendenshop\/?pid=3959\" aria-label=\"Warme Mahlzeit ansehen\">      <div class=\"sds-media\">        <img src=\"https:\/\/www.stepsforchildren.de\/wp-content\/uploads\/2025\/09\/P1027637-1024x969.jpg\" alt=\"Hot meal\" loading=\"lazy\" decoding=\"async\">        <span class=\"sds-badge\">5\u20ac<\/span>      <\/div>      <div class=\"sds-body\">        <h4 class=\"sds-title\" style=\"color:#B01632!important\">Hot meal<\/h3><br>        <small class=\"sds-desc\">Hot meals 5 euros per week<\/small>      <\/div>    <\/a>    <a class=\"sds-card\" href=\"https:\/\/www.stepsforchildren.de\/en\/gutes-tun\/spendenshop\/?pid=4012\" aria-label=\"Schulmaterialien ansehen\">      <div class=\"sds-media\">        <img src=\"https:\/\/www.stepsforchildren.de\/wp-content\/uploads\/2025\/09\/Screenshot-2025-09-29-154755.png\" alt=\"School materials\" loading=\"lazy\" decoding=\"async\">        <span class=\"sds-badge\">15\u20ac<\/span>      <\/div>      <div class=\"sds-body\">        <h4 class=\"sds-title\" style=\"color:#B01632!important\">School materials<\/h3><br>        <small class=\"sds-desc\">15 \u20ac for three school books<\/small>      <\/div>    <\/a>    <a class=\"sds-card\" href=\"https:\/\/www.stepsforchildren.de\/en\/gutes-tun\/spendenshop\/?pid=4027\" aria-label=\"Bastelmaterialien ansehen\">      <div class=\"sds-media\">        <img src=\"https:\/\/www.stepsforchildren.de\/wp-content\/uploads\/2025\/09\/Webshop_Bastelmaterialien-1024x683.jpg\" alt=\"Craft materials\" loading=\"lazy\" decoding=\"async\">        <span class=\"sds-badge\">23\u20ac<\/span>      <\/div>      <div class=\"sds-body\">        <h4 class=\"sds-title\" style=\"color:#B01632!important\">Craft materials<\/h3><br>        <small class=\"sds-desc\">23 \u20ac for colouring books, pens, paper<\/small>      <\/div>    <\/a>    <a class=\"sds-card\" href=\"https:\/\/www.stepsforchildren.de\/en\/gutes-tun\/spendenshop\/?pid=4014\" aria-label=\"Rucksack ansehen\">      <div class=\"sds-media\">        <img src=\"https:\/\/www.stepsforchildren.de\/wp-content\/uploads\/2025\/09\/Screenshot-2025-09-29-154944.png\" alt=\"Backpack\" loading=\"lazy\" decoding=\"async\">        <span class=\"sds-badge\">30\u20ac<\/span>      <\/div>      <div class=\"sds-body\">        <h4 class=\"sds-title\" style=\"color:#B01632!important\">Backpack<\/h3><br>        <small class=\"sds-desc\">30 \u20ac for a rucksack<\/small>      <\/div>    <\/a>    <a class=\"sds-card\" href=\"https:\/\/www.stepsforchildren.de\/en\/gutes-tun\/spendenshop\/?pid=40235\" aria-label=\"Schutzengel-Programm ansehen\">      <div class=\"sds-media\">        <img src=\"https:\/\/www.stepsforchildren.de\/wp-content\/uploads\/2025\/10\/engel.png\" alt=\"Guardian angel programme\" loading=\"lazy\" decoding=\"async\">        <span class=\"sds-badge\">31\u20ac<\/span>      <\/div>      <div class=\"sds-body\">        <h4 class=\"sds-title\" style=\"color:#B01632!important\">Guardian angel programme<\/h3><br>        <small class=\"sds-desc\">31\u20ac for one month of support<\/small>      <\/div>    <\/a>    <a class=\"sds-card\" href=\"https:\/\/www.stepsforchildren.de\/en\/gutes-tun\/spendenshop\/?pid=4016\" aria-label=\"Sitzb\u00e4nke f\u00fcr Suppenk\u00fcchen ansehen\">      <div class=\"sds-media\">        <img src=\"https:\/\/www.stepsforchildren.de\/wp-content\/uploads\/2025\/09\/Webshop_Sitzbank-1024x683.jpg\" alt=\"Benches for soup kitchens\" loading=\"lazy\" decoding=\"async\">        <span class=\"sds-badge\">70\u20ac<\/span>      <\/div>      <div class=\"sds-body\">        <h4 class=\"sds-title\" style=\"color:#B01632!important\">Benches for soup kitchens<\/h3><br>        <small class=\"sds-desc\">New benches for the soup kitchen<\/small>      <\/div>    <\/a>  <\/div><\/div>\t\t\t\t<\/div>\n\t\t\t\t<\/div>\n\t\t\t\t\t<\/div>\n\t\t\t\t<\/div>\n\t\t\t\t<\/div>","protected":false},"excerpt":{"rendered":"<p>Warenkorb Zur\u00fcck zum Spendenshop \u2212+ Warme Mahlzeit 5,00&nbsp;&euro; Bestell\u00fcbersicht 1\u00d7Warme Mahlzeit5,00&nbsp;&euro; Zwischensumme5,00&nbsp;&euro; Wir freuen uns \u00fcber jede Spende. Sollten Sie Ihre Zuwendung einem bestimmten Zweck widmen, bem\u00fchen wir uns, diese entsprechend zu verwenden. Sollte dies nicht mehr m\u00f6glich oder erforderlich sein, kommt Ihre Spende anderen satzungsm\u00e4\u00dfigen Zwecken der Stiftung steps for children zugute.F\u00fcr Ihr Verst\u00e4ndnis [&hellip;]<\/p>\n","protected":false},"author":1,"featured_media":0,"parent":0,"menu_order":0,"comment_status":"closed","ping_status":"closed","template":"","meta":{"site-sidebar-layout":"no-sidebar","site-content-layout":"page-builder","ast-site-content-layout":"full-width-container","site-content-style":"default","site-sidebar-style":"default","ast-global-header-display":"","ast-banner-title-visibility":"","ast-main-header-display":"","ast-hfb-above-header-display":"","ast-hfb-below-header-display":"","ast-hfb-mobile-header-display":"","site-post-title":"","ast-breadcrumbs-content":"","ast-featured-img":"disabled","footer-sml-layout":"","ast-disable-related-posts":"","theme-transparent-header-meta":"","adv-header-id-meta":"","stick-header-meta":"","header-above-stick-meta":"","header-main-stick-meta":"","header-below-stick-meta":"","astra-migrate-meta-layouts":"default","ast-page-background-enabled":"default","ast-page-background-meta":{"desktop":{"background-color":"var(--ast-global-color-4)","background-image":"","background-repeat":"repeat","background-position":"center center","background-size":"auto","background-attachment":"scroll","background-type":"","background-media":"","overlay-type":"","overlay-color":"","overlay-opacity":"","overlay-gradient":""},"tablet":{"background-color":"","background-image":"","background-repeat":"repeat","background-position":"center center","background-size":"auto","background-attachment":"scroll","background-type":"","background-media":"","overlay-type":"","overlay-color":"","overlay-opacity":"","overlay-gradient":""},"mobile":{"background-color":"","background-image":"","background-repeat":"repeat","background-position":"center center","background-size":"auto","background-attachment":"scroll","background-type":"","background-media":"","overlay-type":"","overlay-color":"","overlay-opacity":"","overlay-gradient":""}},"ast-content-background-meta":{"desktop":{"background-color":"var(--ast-global-color-5)","background-image":"","background-repeat":"repeat","background-position":"center center","background-size":"auto","background-attachment":"scroll","background-type":"","background-media":"","overlay-type":"","overlay-color":"","overlay-opacity":"","overlay-gradient":""},"tablet":{"background-color":"var(--ast-global-color-5)","background-image":"","background-repeat":"repeat","background-position":"center center","background-size":"auto","background-attachment":"scroll","background-type":"","background-media":"","overlay-type":"","overlay-color":"","overlay-opacity":"","overlay-gradient":""},"mobile":{"background-color":"var(--ast-global-color-5)","background-image":"","background-repeat":"repeat","background-position":"center center","background-size":"auto","background-attachment":"scroll","background-type":"","background-media":"","overlay-type":"","overlay-color":"","overlay-opacity":"","overlay-gradient":""}},"footnotes":""},"class_list":["post-3948","page","type-page","status-publish","hentry"],"_links":{"self":[{"href":"https:\/\/www.stepsforchildren.de\/en\/wp-json\/wp\/v2\/pages\/3948","targetHints":{"allow":["GET"]}}],"collection":[{"href":"https:\/\/www.stepsforchildren.de\/en\/wp-json\/wp\/v2\/pages"}],"about":[{"href":"https:\/\/www.stepsforchildren.de\/en\/wp-json\/wp\/v2\/types\/page"}],"author":[{"embeddable":true,"href":"https:\/\/www.stepsforchildren.de\/en\/wp-json\/wp\/v2\/users\/1"}],"replies":[{"embeddable":true,"href":"https:\/\/www.stepsforchildren.de\/en\/wp-json\/wp\/v2\/comments?post=3948"}],"version-history":[{"count":43,"href":"https:\/\/www.stepsforchildren.de\/en\/wp-json\/wp\/v2\/pages\/3948\/revisions"}],"predecessor-version":[{"id":41199,"href":"https:\/\/www.stepsforchildren.de\/en\/wp-json\/wp\/v2\/pages\/3948\/revisions\/41199"}],"wp:attachment":[{"href":"https:\/\/www.stepsforchildren.de\/en\/wp-json\/wp\/v2\/media?parent=3948"}],"curies":[{"name":"wp","href":"https:\/\/api.w.org\/{rel}","templated":true}]}}