{"id":3978,"date":"2025-09-29T11:21:11","date_gmt":"2025-09-29T09:21:11","guid":{"rendered":"https:\/\/steps.eliasarndt.de\/?page_id=3978"},"modified":"2025-12-08T13:45:26","modified_gmt":"2025-12-08T11:45:26","slug":"donation-shop","status":"publish","type":"page","link":"https:\/\/www.stepsforchildren.de\/en\/gutes-tun\/spendenshop\/","title":{"rendered":"Donation shop"},"content":{"rendered":"<div data-elementor-type=\"wp-page\" data-elementor-id=\"3978\" class=\"elementor elementor-3978\" data-elementor-post-type=\"page\">\n\t\t\t\t<div class=\"elementor-element elementor-element-c79d533 e-flex e-con-boxed e-con e-parent\" data-id=\"c79d533\" data-element_type=\"container\" data-e-type=\"container\">\n\t\t\t\t\t<div class=\"e-con-inner\">\n\t\t\t\t<div class=\"elementor-element elementor-element-2083363 elementor-widget elementor-widget-spacer\" data-id=\"2083363\" data-element_type=\"widget\" data-e-type=\"widget\" data-widget_type=\"spacer.default\">\n\t\t\t\t<div class=\"elementor-widget-container\">\n\t\t\t\t\t\t\t<div class=\"elementor-spacer\">\n\t\t\t<div class=\"elementor-spacer-inner\"><\/div>\n\t\t<\/div>\n\t\t\t\t\t\t<\/div>\n\t\t\t\t<\/div>\n\t\t\t\t\t<\/div>\n\t\t\t\t<\/div>\n\t\t<div class=\"elementor-element elementor-element-8067e4d e-flex e-con-boxed e-con e-parent\" data-id=\"8067e4d\" data-element_type=\"container\" data-e-type=\"container\">\n\t\t\t\t\t<div class=\"e-con-inner\">\n\t\t\t\t<div class=\"elementor-element elementor-element-82ddeb8 elementor-widget elementor-widget-heading\" data-id=\"82ddeb8\" data-element_type=\"widget\" data-e-type=\"widget\" data-widget_type=\"heading.default\">\n\t\t\t\t<div class=\"elementor-widget-container\">\n\t\t\t\t\t<h2 class=\"elementor-heading-title elementor-size-default\">Donation shop<\/h2>\t\t\t\t<\/div>\n\t\t\t\t<\/div>\n\t\t\t\t<div class=\"elementor-element elementor-element-fafa5f3 elementor-widget__width-initial elementor-widget elementor-widget-text-editor\" data-id=\"fafa5f3\" data-element_type=\"widget\" data-e-type=\"widget\" data-widget_type=\"text-editor.default\">\n\t\t\t\t<div class=\"elementor-widget-container\">\n\t\t\t\t\t\t\t\t\t<p style=\"text-align: center;\"><strong>Enable education and <\/strong><strong>Open perspectives<\/strong><\/p>\t\t\t\t\t\t\t\t<\/div>\n\t\t\t\t<\/div>\n\t\t\t\t<div class=\"elementor-element elementor-element-9f1e827 elementor-widget elementor-widget-text-editor\" data-id=\"9f1e827\" data-element_type=\"widget\" data-e-type=\"widget\" data-widget_type=\"text-editor.default\">\n\t\t\t\t<div class=\"elementor-widget-container\">\n\t\t\t\t\t\t\t\t\t<p>We empower children and young adults in southern Africa to break the cycle of poverty on their own through education and training. We create income opportunities that secure people's livelihoods in the long term. In the long term, we want to become less dependent on donations.<\/p>\t\t\t\t\t\t\t\t<\/div>\n\t\t\t\t<\/div>\n\t\t\t\t<div class=\"elementor-element elementor-element-8f9d878 elementor-widget elementor-widget-spacer\" data-id=\"8f9d878\" data-element_type=\"widget\" data-e-type=\"widget\" data-widget_type=\"spacer.default\">\n\t\t\t\t<div class=\"elementor-widget-container\">\n\t\t\t\t\t\t\t<div class=\"elementor-spacer\">\n\t\t\t<div class=\"elementor-spacer-inner\"><\/div>\n\t\t<\/div>\n\t\t\t\t\t\t<\/div>\n\t\t\t\t<\/div>\n\t\t\t\t\t<\/div>\n\t\t\t\t<\/div>\n\t\t<div class=\"elementor-element elementor-element-4af5dc1 e-con-full e-flex e-con e-parent\" data-id=\"4af5dc1\" data-element_type=\"container\" data-e-type=\"container\">\n\t\t<div class=\"elementor-element elementor-element-01fd92a e-con-full e-flex e-con e-child\" data-id=\"01fd92a\" data-element_type=\"container\" data-e-type=\"container\">\n\t\t\t\t<div class=\"elementor-element elementor-element-e0324a7 elementor-widget elementor-widget-steps_product_promo_card_url\" data-id=\"e0324a7\" data-element_type=\"widget\" data-e-type=\"widget\" data-widget_type=\"steps_product_promo_card_url.default\">\n\t\t\t\t<div class=\"elementor-widget-container\">\n\t\t\t\t\t                <section class=\"spsc-wrap\" style=\"--gap:24px;--overlap:56px;--image-radius:24px;--card-radius:26px;--card-bg:#F5EEE9;--title:#B02A2A;--text:#223;--btn-bg:#F18520;--btn-text:#ffffff;\" data-product-id=\"3959\">\r\n                                            <figure class=\"spsc-figure\">\r\n                            <img fetchpriority=\"high\" decoding=\"async\" width=\"768\" height=\"727\" src=\"https:\/\/www.stepsforchildren.de\/wp-content\/uploads\/2025\/09\/P1027637-768x727.jpg\" class=\"spsc-product-image\" alt=\"Hot meal\" srcset=\"https:\/\/www.stepsforchildren.de\/wp-content\/uploads\/2025\/09\/P1027637-768x727.jpg 768w, https:\/\/www.stepsforchildren.de\/wp-content\/uploads\/2025\/09\/P1027637-300x284.jpg 300w, https:\/\/www.stepsforchildren.de\/wp-content\/uploads\/2025\/09\/P1027637-1024x969.jpg 1024w, https:\/\/www.stepsforchildren.de\/wp-content\/uploads\/2025\/09\/P1027637-1536x1453.jpg 1536w, https:\/\/www.stepsforchildren.de\/wp-content\/uploads\/2025\/09\/P1027637-2048x1938.jpg 2048w, https:\/\/www.stepsforchildren.de\/wp-content\/uploads\/2025\/09\/P1027637-13x12.jpg 13w, https:\/\/www.stepsforchildren.de\/wp-content\/uploads\/2025\/09\/P1027637-600x568.jpg 600w\" sizes=\"(max-width: 768px) 100vw, 768px\" \/>                        <\/figure>\r\n                    \r\n                    <div class=\"spsc-card\">\r\n                        <h4 class=\"spsc-title\">\r\n                            <span class=\"spsc-title__text\">Hot meal<\/span>\r\n                                                    <\/h4>\r\n\r\n                                                    <div class=\"spsc-desc\"><p>Hot meals 5 euros per week<\/p>\n<\/div>\r\n                        \r\n                                                    <div class=\"spsc-price\"><span class=\"woocommerce-Price-amount amount\">5,00&nbsp;<span class=\"woocommerce-Price-currencySymbol\">\u20ac<\/span><\/span><\/div>\r\n                        \r\n                                                    <div class=\"spsc-purchase\">\r\n                                <div\r\n                                    class=\"spsc-qty\"\r\n                                    data-min=\"1\"\r\n                                    data-max=\"\"\r\n                                    data-step=\"1\"\r\n                                    data-cart-quantity=\"0\"\r\n                                >\r\n                                    <button type=\"button\" class=\"spsc-qty-btn is-decrease\" aria-label=\"Menge verringern\">-<\/button>\r\n                                    <input\r\n                                        type=\"text\"\r\n                                        class=\"spsc-qty-input qty\"\r\n                                        value=\"0\"\r\n                                        readonly\r\n inputmode=\"numeric\"\r\n                                        aria-live=\"polite\"\r\n                                    \/>\r\n                                    <button type=\"button\" class=\"spsc-qty-btn is-increase\" aria-label=\"Menge erh\u00f6hen\">+<\/button>\r\n                                <\/div>\r\n\r\n                                                                <a class=\"spsc-btn spsc-view-cart\" href=\"https:\/\/www.stepsforchildren.de\/en\/warenkorb\">\r\n                                    <svg xmlns=\"http:\/\/www.w3.org\/2000\/svg\" width=\"32\" height=\"32\" fill=\"#ffffff\" viewbox=\"0 0 256 256\"><path d=\"M230.14,58.87A8,8,0,0,0,224,56H62.68L56.6,22.57A8,8,0,0,0,48.73,16H24a8,8,0,0,0,0,16h18L67.56,172.29a24,24,0,0,0,5.33,11.27,28,28,0,1,0,44.4,8.44h45.42A27.75,27.75,0,0,0,160,204a28,28,0,1,0,28-28H91.17a8,8,0,0,1-7.87-6.57L80.13,152h116a24,24,0,0,0,23.61-19.71l12.16-66.86A8,8,0,0,0,230.14,58.87ZM104,204a12,12,0,1,1-12-12A12,12,0,0,1,104,204Zm96,0a12,12,0,1,1-12-12A12,12,0,0,1,200,204Zm4-74.57A8,8,0,0,1,196.1,136H77.22L65.59,72H214.41Z\"><\/path><\/svg>\r\n                                <\/a>\r\n                                                            <\/div>\r\n                                            <\/div>\r\n                <\/section>\r\n                \t\t\t\t<\/div>\n\t\t\t\t<\/div>\n\t\t\t\t<\/div>\n\t\t<div class=\"elementor-element elementor-element-c3e2531 e-con-full e-flex e-con e-child\" data-id=\"c3e2531\" data-element_type=\"container\" data-e-type=\"container\" data-settings=\"{&quot;background_background&quot;:&quot;classic&quot;}\">\n\t\t\t\t<div class=\"elementor-element elementor-element-8e331a3 elementor-widget elementor-widget-heading\" data-id=\"8e331a3\" data-element_type=\"widget\" data-e-type=\"widget\" data-widget_type=\"heading.default\">\n\t\t\t\t<div class=\"elementor-widget-container\">\n\t\t\t\t\t<h4 class=\"elementor-heading-title elementor-size-default\">Added to basket:<\/h4>\t\t\t\t<\/div>\n\t\t\t\t<\/div>\n\t\t\t\t<div class=\"elementor-element elementor-element-5e403de elementor-widget elementor-widget-sfc_cart_summary_widget\" data-id=\"5e403de\" data-element_type=\"widget\" data-e-type=\"widget\" data-widget_type=\"sfc_cart_summary_widget.default\">\n\t\t\t\t<div class=\"elementor-widget-container\">\n\t\t\t\t\t<div class=\"sfc-cart-summary sfc-cart-overview sfc-cart-overview--empty sfc-cart-widget--empty\" data-summary-nonce=\"315f8b552b\" data-empty-message=\"Dein Warenkorb ist leer.\"><div class=\"sfc-cart-overview__notices sfc-cart-widget__notices\"><\/div><div class=\"sfc-cart-overview__items sfc-cart-widget__items\"><p class=\"sfc-cart-overview__empty sfc-cart-widget__empty\">Dein Warenkorb ist leer.<\/p><\/div><div class=\"sfc-cart-overview__footer\"><span class=\"sfc-cart-overview__total-label sfc-cart-widget__total-label\">Zwischensumme<\/span><span class=\"sfc-cart-overview__total-value sfc-cart-widget__total-value\"><span class=\"woocommerce-Price-amount amount\">0,00&nbsp;<span class=\"woocommerce-Price-currencySymbol\">\u20ac<\/span><\/span><\/span><\/div><\/div>\t\t\t\t<\/div>\n\t\t\t\t<\/div>\n\t\t\t\t<div class=\"elementor-element elementor-element-4c65894 elementor-align-justify elementor-widget elementor-widget-button\" data-id=\"4c65894\" data-element_type=\"widget\" data-e-type=\"widget\" data-widget_type=\"button.default\">\n\t\t\t\t<div class=\"elementor-widget-container\">\n\t\t\t\t\t\t\t\t\t<div class=\"elementor-button-wrapper\">\n\t\t\t\t\t<a class=\"elementor-button elementor-button-link elementor-size-sm\" href=\"https:\/\/www.stepsforchildren.de\/en\/shopping-basket\/\">\n\t\t\t\t\t\t<span class=\"elementor-button-content-wrapper\">\n\t\t\t\t\t\t\t\t\t<span class=\"elementor-button-text\">more<\/span>\n\t\t\t\t\t<\/span>\n\t\t\t\t\t<\/a>\n\t\t\t\t<\/div>\n\t\t\t\t\t\t\t\t<\/div>\n\t\t\t\t<\/div>\n\t\t\t\t<\/div>\n\t\t\t\t<\/div>\n\t\t<div class=\"elementor-element elementor-element-d40bea7 e-flex e-con-boxed e-con e-parent\" data-id=\"d40bea7\" data-element_type=\"container\" data-e-type=\"container\">\n\t\t\t\t\t<div class=\"e-con-inner\">\n\t\t\t\t<div class=\"elementor-element elementor-element-92f3e17 elementor-widget elementor-widget-spacer\" data-id=\"92f3e17\" data-element_type=\"widget\" data-e-type=\"widget\" data-widget_type=\"spacer.default\">\n\t\t\t\t<div class=\"elementor-widget-container\">\n\t\t\t\t\t\t\t<div class=\"elementor-spacer\">\n\t\t\t<div class=\"elementor-spacer-inner\"><\/div>\n\t\t<\/div>\n\t\t\t\t\t\t<\/div>\n\t\t\t\t<\/div>\n\t\t\t\t<div class=\"elementor-element elementor-element-a8d47eb elementor-widget elementor-widget-steps_donate_grid_wc\" data-id=\"a8d47eb\" data-element_type=\"widget\" data-e-type=\"widget\" data-widget_type=\"steps_donate_grid_wc.default\">\n\t\t\t\t<div class=\"elementor-widget-container\">\n\t\t\t\t\t<div class=\"sds-wrap sds-grid-mode\" style=\"--gap:24px;--radius:22px;--bg:#F5EEE9;--badge-bg:#F18520;--badge-text:#ffffff;--media-h:200px;--grid-min:260px;\">  <div class=\"sds-grid\">    <a class=\"sds-card\" href=\"https:\/\/www.stepsforchildren.de\/en\/gutes-tun\/spendenshop?pid=3959\" aria-label=\"Warme Mahlzeit ansehen\">      <div class=\"sds-media\">        <img src=\"https:\/\/www.stepsforchildren.de\/wp-content\/uploads\/2025\/09\/P1027637-1024x969.jpg\" alt=\"Hot meal\" loading=\"lazy\" decoding=\"async\">        <span class=\"sds-badge\">5\u20ac<\/span>      <\/div>      <div class=\"sds-body\">        <h4 class=\"sds-title\" style=\"color:#B01632!important\">Hot meal<\/h3><br>        <small class=\"sds-desc\">Hot meals 5 euros per week<\/small>      <\/div>    <\/a>    <a class=\"sds-card\" href=\"https:\/\/www.stepsforchildren.de\/en\/gutes-tun\/spendenshop?pid=4012\" aria-label=\"Schulmaterialien ansehen\">      <div class=\"sds-media\">        <img src=\"https:\/\/www.stepsforchildren.de\/wp-content\/uploads\/2025\/09\/Screenshot-2025-09-29-154755.png\" alt=\"School materials\" loading=\"lazy\" decoding=\"async\">        <span class=\"sds-badge\">15\u20ac<\/span>      <\/div>      <div class=\"sds-body\">        <h4 class=\"sds-title\" style=\"color:#B01632!important\">School materials<\/h3><br>        <small class=\"sds-desc\">15 \u20ac for three school books<\/small>      <\/div>    <\/a>    <a class=\"sds-card\" href=\"https:\/\/www.stepsforchildren.de\/en\/gutes-tun\/spendenshop?pid=4027\" aria-label=\"Bastelmaterialien ansehen\">      <div class=\"sds-media\">        <img src=\"https:\/\/www.stepsforchildren.de\/wp-content\/uploads\/2025\/09\/Webshop_Bastelmaterialien-1024x683.jpg\" alt=\"Craft materials\" loading=\"lazy\" decoding=\"async\">        <span class=\"sds-badge\">23\u20ac<\/span>      <\/div>      <div class=\"sds-body\">        <h4 class=\"sds-title\" style=\"color:#B01632!important\">Craft materials<\/h3><br>        <small class=\"sds-desc\">23 \u20ac for colouring books, pens, paper<\/small>      <\/div>    <\/a>    <a class=\"sds-card\" href=\"https:\/\/www.stepsforchildren.de\/en\/gutes-tun\/spendenshop?pid=4014\" aria-label=\"Rucksack ansehen\">      <div class=\"sds-media\">        <img src=\"https:\/\/www.stepsforchildren.de\/wp-content\/uploads\/2025\/09\/Screenshot-2025-09-29-154944.png\" alt=\"Backpack\" loading=\"lazy\" decoding=\"async\">        <span class=\"sds-badge\">30\u20ac<\/span>      <\/div>      <div class=\"sds-body\">        <h4 class=\"sds-title\" style=\"color:#B01632!important\">Backpack<\/h3><br>        <small class=\"sds-desc\">30 \u20ac for a rucksack<\/small>      <\/div>    <\/a>    <a class=\"sds-card\" href=\"https:\/\/www.stepsforchildren.de\/en\/gutes-tun\/spendenshop?pid=40235\" aria-label=\"Schutzengel-Programm ansehen\">      <div class=\"sds-media\">        <img src=\"https:\/\/www.stepsforchildren.de\/wp-content\/uploads\/2025\/10\/engel.png\" alt=\"Guardian angel programme\" loading=\"lazy\" decoding=\"async\">        <span class=\"sds-badge\">31\u20ac<\/span>      <\/div>      <div class=\"sds-body\">        <h4 class=\"sds-title\" style=\"color:#B01632!important\">Guardian angel programme<\/h3><br>        <small class=\"sds-desc\">31\u20ac for one month of support<\/small>      <\/div>    <\/a>    <a class=\"sds-card\" href=\"https:\/\/www.stepsforchildren.de\/en\/gutes-tun\/spendenshop?pid=4016\" aria-label=\"Sitzb\u00e4nke f\u00fcr Suppenk\u00fcchen ansehen\">      <div class=\"sds-media\">        <img src=\"https:\/\/www.stepsforchildren.de\/wp-content\/uploads\/2025\/09\/Webshop_Sitzbank-1024x683.jpg\" alt=\"Benches for soup kitchens\" loading=\"lazy\" decoding=\"async\">        <span class=\"sds-badge\">70\u20ac<\/span>      <\/div>      <div class=\"sds-body\">        <h4 class=\"sds-title\" style=\"color:#B01632!important\">Benches for soup kitchens<\/h3><br>        <small class=\"sds-desc\">New benches for the soup kitchen<\/small>      <\/div>    <\/a>    <a class=\"sds-card\" href=\"https:\/\/www.stepsforchildren.de\/en\/gutes-tun\/spendenshop?pid=3932\" aria-label=\"1 m\u00b2 f\u00fcr neue Suppenk\u00fcchen ansehen\">      <div class=\"sds-media\">        <img src=\"https:\/\/www.stepsforchildren.de\/wp-content\/uploads\/2025\/09\/P1013126-1024x683.jpg\" alt=\"1 m\u00b2 for new soup kitchens\" loading=\"lazy\" decoding=\"async\">        <span class=\"sds-badge\">350\u20ac<\/span>      <\/div>      <div class=\"sds-body\">        <h4 class=\"sds-title\" style=\"color:#B01632!important\">1 m\u00b2 for new soup kitchens<\/h3><br>        <small class=\"sds-desc\">Contribute specifically to the construction of a soup kitchen.<\/small>      <\/div>    <\/a>  <\/div><\/div>\t\t\t\t<\/div>\n\t\t\t\t<\/div>\n\t\t\t\t<div class=\"elementor-element elementor-element-018d0d4 elementor-widget elementor-widget-spacer\" data-id=\"018d0d4\" data-element_type=\"widget\" data-e-type=\"widget\" data-widget_type=\"spacer.default\">\n\t\t\t\t<div class=\"elementor-widget-container\">\n\t\t\t\t\t\t\t<div class=\"elementor-spacer\">\n\t\t\t<div class=\"elementor-spacer-inner\"><\/div>\n\t\t<\/div>\n\t\t\t\t\t\t<\/div>\n\t\t\t\t<\/div>\n\t\t\t\t\t<\/div>\n\t\t\t\t<\/div>\n\t\t<div class=\"elementor-element elementor-element-76c6268a e-flex e-con-boxed e-con e-parent\" data-id=\"76c6268a\" data-element_type=\"container\" data-e-type=\"container\">\n\t\t\t\t\t<div class=\"e-con-inner\">\n\t\t<div class=\"elementor-element elementor-element-65696f40 e-con-full e-flex e-con e-child\" data-id=\"65696f40\" data-element_type=\"container\" data-e-type=\"container\" data-settings=\"{&quot;background_background&quot;:&quot;classic&quot;}\">\n\t\t<div class=\"elementor-element elementor-element-3ce969b8 e-con-full e-flex e-con e-child\" data-id=\"3ce969b8\" data-element_type=\"container\" data-e-type=\"container\" data-settings=\"{&quot;background_background&quot;:&quot;classic&quot;}\">\n\t\t\t\t<\/div>\n\t\t<div class=\"elementor-element elementor-element-55071273 e-flex e-con-boxed e-con e-child\" data-id=\"55071273\" data-element_type=\"container\" data-e-type=\"container\" data-settings=\"{&quot;background_background&quot;:&quot;classic&quot;}\">\n\t\t\t\t\t<div class=\"e-con-inner\">\n\t\t\t\t<div class=\"elementor-element elementor-element-ce4dea4 elementor-widget elementor-widget-steps_donate_form\" data-id=\"ce4dea4\" data-element_type=\"widget\" data-e-type=\"widget\" data-widget_type=\"steps_donate_form.default\">\n\t\t\t\t<div class=\"elementor-widget-container\">\n\t\t\t\t\t<div class=\"sdn-wrap\" style=\"--bg:#B01632;--accent:#F18520;\"><form class=\"sdn-form\" action=\"https:\/\/stepsforchildren.de\/gutes-tun\/spende-abschliessen\/\" method=\"GET\"><div class=\"sdn-grid\"><div class=\"sdn-col-left\"><div class=\"sdn-amounts\"><button type=\"button\" class=\"sdn-amount\" data-amount=\"10\">10 \u20ac<\/button><button type=\"button\" class=\"sdn-amount active\" data-amount=\"50\">50 \u20ac<\/button><button type=\"button\" class=\"sdn-amount\" data-amount=\"100\">100 \u20ac<\/button><label class=\"sdn-custom\">  <input type=\"number\" inputmode=\"decimal\" step=\"0.01\" min=\"0\" placeholder=\"Own amount\" aria-label=\"Own amount\" \/>  <span class=\"sdn-currency\">\u20ac<\/span><\/label><\/div><div class=\"sdn-selects\">  <label class=\"sdn-select\"><select name=\"interval\"><option value=\"0\">Unique<\/option><option value=\"1\">Monthly<\/option><option value=\"3\">Quarterly<\/option><option value=\"6\">Half-yearly<\/option><option value=\"12\">Annually<\/option>  <\/select><\/label>  <label class=\"sdn-select\"><select name=\"fb_item_id\"><option value=\"30347\">Donate where it is needed<\/option><option value=\"31335\">Meals for children<\/option><option value=\"54461\">Peter Wackel School<\/option><option value=\"82531\">Winter aid<\/option>  <\/select><\/label><\/div><\/div><div class=\"sdn-col-right\">  <button class=\"sdn-submit\" type=\"submit\">Donate now<\/button><\/div><\/div><input type=\"hidden\" name=\"amount\" value=\"10.00\" \/><\/form><\/div>\t\t\t\t<\/div>\n\t\t\t\t<\/div>\n\t\t\t\t\t<\/div>\n\t\t\t\t<\/div>\n\t\t\t\t<\/div>\n\t\t\t\t\t<\/div>\n\t\t\t\t<\/div>\n\t\t\t\t<\/div>","protected":false},"excerpt":{"rendered":"<p>Spendenshop Bildung erm\u00f6glichen und Perspektiven \u00f6ffnen\u200b Wir bef\u00e4higen Kinder und junge Erwachsene im s\u00fcdlichen Afrika, durch Bildung und Ausbildung den Armutskreislauf aus eigener Kraft zu durchbrechen. Wir schaffen Einkommensm\u00f6glichkeiten, die den Menschen langfristig ihren Lebensunterhalt sichern. Auf Dauer wollen wir unabh\u00e4ngiger von Spenden werden. Warme Mahlzeit Warme Mahlzeiten 5 Euro pro Woche 5,00&nbsp;&euro; &minus; + [&hellip;]<\/p>\n","protected":false},"author":1,"featured_media":0,"parent":2534,"menu_order":0,"comment_status":"closed","ping_status":"closed","template":"","meta":{"site-sidebar-layout":"no-sidebar","site-content-layout":"page-builder","ast-site-content-layout":"full-width-container","site-content-style":"default","site-sidebar-style":"default","ast-global-header-display":"","ast-banner-title-visibility":"","ast-main-header-display":"","ast-hfb-above-header-display":"","ast-hfb-below-header-display":"","ast-hfb-mobile-header-display":"","site-post-title":"","ast-breadcrumbs-content":"","ast-featured-img":"disabled","footer-sml-layout":"","ast-disable-related-posts":"","theme-transparent-header-meta":"","adv-header-id-meta":"","stick-header-meta":"","header-above-stick-meta":"","header-main-stick-meta":"","header-below-stick-meta":"","astra-migrate-meta-layouts":"default","ast-page-background-enabled":"default","ast-page-background-meta":{"desktop":{"background-color":"var(--ast-global-color-4)","background-image":"","background-repeat":"repeat","background-position":"center center","background-size":"auto","background-attachment":"scroll","background-type":"","background-media":"","overlay-type":"","overlay-color":"","overlay-opacity":"","overlay-gradient":""},"tablet":{"background-color":"","background-image":"","background-repeat":"repeat","background-position":"center center","background-size":"auto","background-attachment":"scroll","background-type":"","background-media":"","overlay-type":"","overlay-color":"","overlay-opacity":"","overlay-gradient":""},"mobile":{"background-color":"","background-image":"","background-repeat":"repeat","background-position":"center center","background-size":"auto","background-attachment":"scroll","background-type":"","background-media":"","overlay-type":"","overlay-color":"","overlay-opacity":"","overlay-gradient":""}},"ast-content-background-meta":{"desktop":{"background-color":"var(--ast-global-color-5)","background-image":"","background-repeat":"repeat","background-position":"center center","background-size":"auto","background-attachment":"scroll","background-type":"","background-media":"","overlay-type":"","overlay-color":"","overlay-opacity":"","overlay-gradient":""},"tablet":{"background-color":"var(--ast-global-color-5)","background-image":"","background-repeat":"repeat","background-position":"center center","background-size":"auto","background-attachment":"scroll","background-type":"","background-media":"","overlay-type":"","overlay-color":"","overlay-opacity":"","overlay-gradient":""},"mobile":{"background-color":"var(--ast-global-color-5)","background-image":"","background-repeat":"repeat","background-position":"center center","background-size":"auto","background-attachment":"scroll","background-type":"","background-media":"","overlay-type":"","overlay-color":"","overlay-opacity":"","overlay-gradient":""}},"footnotes":""},"class_list":["post-3978","page","type-page","status-publish","hentry"],"_links":{"self":[{"href":"https:\/\/www.stepsforchildren.de\/en\/wp-json\/wp\/v2\/pages\/3978","targetHints":{"allow":["GET"]}}],"collection":[{"href":"https:\/\/www.stepsforchildren.de\/en\/wp-json\/wp\/v2\/pages"}],"about":[{"href":"https:\/\/www.stepsforchildren.de\/en\/wp-json\/wp\/v2\/types\/page"}],"author":[{"embeddable":true,"href":"https:\/\/www.stepsforchildren.de\/en\/wp-json\/wp\/v2\/users\/1"}],"replies":[{"embeddable":true,"href":"https:\/\/www.stepsforchildren.de\/en\/wp-json\/wp\/v2\/comments?post=3978"}],"version-history":[{"count":77,"href":"https:\/\/www.stepsforchildren.de\/en\/wp-json\/wp\/v2\/pages\/3978\/revisions"}],"predecessor-version":[{"id":41537,"href":"https:\/\/www.stepsforchildren.de\/en\/wp-json\/wp\/v2\/pages\/3978\/revisions\/41537"}],"up":[{"embeddable":true,"href":"https:\/\/www.stepsforchildren.de\/en\/wp-json\/wp\/v2\/pages\/2534"}],"wp:attachment":[{"href":"https:\/\/www.stepsforchildren.de\/en\/wp-json\/wp\/v2\/media?parent=3978"}],"curies":[{"name":"wp","href":"https:\/\/api.w.org\/{rel}","templated":true}]}}