{"id":41137,"date":"2025-11-04T17:23:08","date_gmt":"2025-11-04T15:23:08","guid":{"rendered":"https:\/\/www.stepsforchildren.de\/?page_id=41137"},"modified":"2025-11-04T17:27:01","modified_gmt":"2025-11-04T15:27:01","slug":"gift-donation","status":"publish","type":"page","link":"https:\/\/www.stepsforchildren.de\/en\/gutes-tun\/geschenkspende\/","title":{"rendered":"Gift donation"},"content":{"rendered":"<div data-elementor-type=\"wp-page\" data-elementor-id=\"41137\" class=\"elementor elementor-41137\" data-elementor-post-type=\"page\">\n\t\t\t\t<div class=\"elementor-element elementor-element-c79d533 e-flex e-con-boxed e-con e-parent\" data-id=\"c79d533\" data-element_type=\"container\" data-e-type=\"container\">\n\t\t\t\t\t<div class=\"e-con-inner\">\n\t\t\t\t<div class=\"elementor-element elementor-element-2083363 elementor-widget elementor-widget-spacer\" data-id=\"2083363\" data-element_type=\"widget\" data-e-type=\"widget\" data-widget_type=\"spacer.default\">\n\t\t\t\t<div class=\"elementor-widget-container\">\n\t\t\t\t\t\t\t<div class=\"elementor-spacer\">\n\t\t\t<div class=\"elementor-spacer-inner\"><\/div>\n\t\t<\/div>\n\t\t\t\t\t\t<\/div>\n\t\t\t\t<\/div>\n\t\t\t\t\t<\/div>\n\t\t\t\t<\/div>\n\t\t<div class=\"elementor-element elementor-element-8067e4d e-flex e-con-boxed e-con e-parent\" data-id=\"8067e4d\" data-element_type=\"container\" data-e-type=\"container\">\n\t\t\t\t\t<div class=\"e-con-inner\">\n\t\t\t\t<div class=\"elementor-element elementor-element-82ddeb8 elementor-widget elementor-widget-heading\" data-id=\"82ddeb8\" data-element_type=\"widget\" data-e-type=\"widget\" data-widget_type=\"heading.default\">\n\t\t\t\t<div class=\"elementor-widget-container\">\n\t\t\t\t\t<h2 class=\"elementor-heading-title elementor-size-default\">Gift donation<\/h2>\t\t\t\t<\/div>\n\t\t\t\t<\/div>\n\t\t\t\t<div class=\"elementor-element elementor-element-63e522d elementor-widget__width-initial elementor-widget elementor-widget-text-editor\" data-id=\"63e522d\" data-element_type=\"widget\" data-e-type=\"widget\" data-widget_type=\"text-editor.default\">\n\t\t\t\t<div class=\"elementor-widget-container\">\n\t\t\t\t\t\t\t\t\t<p style=\"text-align: center;\"><strong>Make a donation to steps for children on special occasions such as birthdays, anniversaries or Christmas! With a personalised gift certificate, you can give double the joy - you are giving the gift of meaning and providing sustainable support for children and young people in Namibia and Zimbabwe.<\/strong><\/p>\t\t\t\t\t\t\t\t<\/div>\n\t\t\t\t<\/div>\n\t\t\t\t<div class=\"elementor-element elementor-element-3a1c82b elementor-widget elementor-widget-text-editor\" data-id=\"3a1c82b\" data-element_type=\"widget\" data-e-type=\"widget\" data-widget_type=\"text-editor.default\">\n\t\t\t\t<div class=\"elementor-widget-container\">\n\t\t\t\t\t\t\t\t\t<p>The idea of making donations instead of giving gifts creates double the joy: doing good on occasions such as birthdays, anniversaries or Christmas and having a lasting impact at the same time. In this way, celebrating becomes a sign of social responsibility and shaping the future together.<\/p><p>\u00a0<\/p><p>We cordially invite you to fill special moments with meaning - through gifts that make a difference.<\/p><p>\u00a0<\/p><p>All you have to do is tick the gift donation box in the donation form, select a picture and enter the details of who the gift donation is from and for whom.<\/p>\t\t\t\t\t\t\t\t<\/div>\n\t\t\t\t<\/div>\n\t\t<div class=\"elementor-element elementor-element-a7dec70 e-con-full e-flex e-con e-child\" data-id=\"a7dec70\" data-element_type=\"container\" data-e-type=\"container\">\n\t\t\t\t<div class=\"elementor-element elementor-element-1502b8c elementor-widget elementor-widget-button\" data-id=\"1502b8c\" data-element_type=\"widget\" data-e-type=\"widget\" data-widget_type=\"button.default\">\n\t\t\t\t<div class=\"elementor-widget-container\">\n\t\t\t\t\t\t\t\t\t<div class=\"elementor-button-wrapper\">\n\t\t\t\t\t<a class=\"elementor-button elementor-button-link elementor-size-sm\" href=\"#spendenformular\">\n\t\t\t\t\t\t<span class=\"elementor-button-content-wrapper\">\n\t\t\t\t\t\t\t\t\t<span class=\"elementor-button-text\">create gift donation here<\/span>\n\t\t\t\t\t<\/span>\n\t\t\t\t\t<\/a>\n\t\t\t\t<\/div>\n\t\t\t\t\t\t\t\t<\/div>\n\t\t\t\t<\/div>\n\t\t\t\t<\/div>\n\t\t\t\t<div class=\"elementor-element elementor-element-1d6ecfc elementor-widget elementor-widget-spacer\" data-id=\"1d6ecfc\" data-element_type=\"widget\" data-e-type=\"widget\" data-widget_type=\"spacer.default\">\n\t\t\t\t<div class=\"elementor-widget-container\">\n\t\t\t\t\t\t\t<div class=\"elementor-spacer\">\n\t\t\t<div class=\"elementor-spacer-inner\"><\/div>\n\t\t<\/div>\n\t\t\t\t\t\t<\/div>\n\t\t\t\t<\/div>\n\t\t\t\t\t<\/div>\n\t\t\t\t<\/div>\n\t\t<div class=\"elementor-element elementor-element-2f1f46e e-flex e-con-boxed e-con e-parent\" data-id=\"2f1f46e\" data-element_type=\"container\" data-e-type=\"container\">\n\t\t\t\t\t<div class=\"e-con-inner\">\n\t\t\t\t<div class=\"elementor-element elementor-element-d27cd2e elementor-widget elementor-widget-text-editor\" data-id=\"d27cd2e\" data-element_type=\"widget\" data-e-type=\"widget\" data-widget_type=\"text-editor.default\">\n\t\t\t\t<div class=\"elementor-widget-container\">\n\t\t\t\t\t\t\t\t\t<h4><span style=\"font-weight: 300;\">This is how a gift donation works:<\/span><\/h4><p><span style=\"font-weight: 300;\">In the <a href=\"#spendenformular\">Donation form<\/a> in the second place is the \u201cGift donation\u201d section. Simply tick the box \u201cI would like to give my donation as a gift.\u201d<\/span><\/p>\t\t\t\t\t\t\t\t<\/div>\n\t\t\t\t<\/div>\n\t\t\t\t<div class=\"elementor-element elementor-element-e3b03e3 elementor-widget elementor-widget-image\" data-id=\"e3b03e3\" data-element_type=\"widget\" data-e-type=\"widget\" data-widget_type=\"image.default\">\n\t\t\t\t<div class=\"elementor-widget-container\">\n\t\t\t\t\t\t\t\t\t\t\t\t\t\t\t\t<a href=\"#spendenformular\">\n\t\t\t\t\t\t\t<img fetchpriority=\"high\" decoding=\"async\" width=\"1024\" height=\"629\" src=\"https:\/\/www.stepsforchildren.de\/wp-content\/uploads\/2025\/11\/Bildschirmfoto-2025-10-22-um-09.02.44-1024x629.png\" class=\"attachment-large size-large wp-image-41139\" alt=\"\" srcset=\"https:\/\/www.stepsforchildren.de\/wp-content\/uploads\/2025\/11\/Bildschirmfoto-2025-10-22-um-09.02.44-1024x629.png 1024w, https:\/\/www.stepsforchildren.de\/wp-content\/uploads\/2025\/11\/Bildschirmfoto-2025-10-22-um-09.02.44-300x184.png 300w, https:\/\/www.stepsforchildren.de\/wp-content\/uploads\/2025\/11\/Bildschirmfoto-2025-10-22-um-09.02.44-768x472.png 768w, https:\/\/www.stepsforchildren.de\/wp-content\/uploads\/2025\/11\/Bildschirmfoto-2025-10-22-um-09.02.44-1536x943.png 1536w, https:\/\/www.stepsforchildren.de\/wp-content\/uploads\/2025\/11\/Bildschirmfoto-2025-10-22-um-09.02.44-2048x1258.png 2048w, https:\/\/www.stepsforchildren.de\/wp-content\/uploads\/2025\/11\/Bildschirmfoto-2025-10-22-um-09.02.44-18x12.png 18w, https:\/\/www.stepsforchildren.de\/wp-content\/uploads\/2025\/11\/Bildschirmfoto-2025-10-22-um-09.02.44-1320x811.png 1320w, https:\/\/www.stepsforchildren.de\/wp-content\/uploads\/2025\/11\/Bildschirmfoto-2025-10-22-um-09.02.44-600x369.png 600w\" sizes=\"(max-width: 1024px) 100vw, 1024px\" \/>\t\t\t\t\t\t\t\t<\/a>\n\t\t\t\t\t\t\t\t\t\t\t\t\t\t\t<\/div>\n\t\t\t\t<\/div>\n\t\t\t\t<div class=\"elementor-element elementor-element-a757092 elementor-widget elementor-widget-text-editor\" data-id=\"a757092\" data-element_type=\"widget\" data-e-type=\"widget\" data-widget_type=\"text-editor.default\">\n\t\t\t\t<div class=\"elementor-widget-container\">\n\t\t\t\t\t\t\t\t\t<p><span style=\"font-weight: 300;\">You can then choose from three different image motifs and enter who the gift donation is from and for. Optionally, you can also enter a date that should appear on the certificate.<\/span><\/p>\t\t\t\t\t\t\t\t<\/div>\n\t\t\t\t<\/div>\n\t\t\t\t<div class=\"elementor-element elementor-element-e24f254 elementor-widget elementor-widget-image\" data-id=\"e24f254\" data-element_type=\"widget\" data-e-type=\"widget\" data-widget_type=\"image.default\">\n\t\t\t\t<div class=\"elementor-widget-container\">\n\t\t\t\t\t\t\t\t\t\t\t\t\t\t\t\t<a href=\"#spendenformular\">\n\t\t\t\t\t\t\t<img decoding=\"async\" width=\"1024\" height=\"512\" src=\"https:\/\/www.stepsforchildren.de\/wp-content\/uploads\/2025\/11\/Bildschirmfoto-2025-10-22-um-09.05.06-1024x512.png\" class=\"attachment-large size-large wp-image-41140\" alt=\"\" srcset=\"https:\/\/www.stepsforchildren.de\/wp-content\/uploads\/2025\/11\/Bildschirmfoto-2025-10-22-um-09.05.06-1024x512.png 1024w, https:\/\/www.stepsforchildren.de\/wp-content\/uploads\/2025\/11\/Bildschirmfoto-2025-10-22-um-09.05.06-300x150.png 300w, https:\/\/www.stepsforchildren.de\/wp-content\/uploads\/2025\/11\/Bildschirmfoto-2025-10-22-um-09.05.06-768x384.png 768w, https:\/\/www.stepsforchildren.de\/wp-content\/uploads\/2025\/11\/Bildschirmfoto-2025-10-22-um-09.05.06-1536x767.png 1536w, https:\/\/www.stepsforchildren.de\/wp-content\/uploads\/2025\/11\/Bildschirmfoto-2025-10-22-um-09.05.06-2048x1023.png 2048w, https:\/\/www.stepsforchildren.de\/wp-content\/uploads\/2025\/11\/Bildschirmfoto-2025-10-22-um-09.05.06-18x9.png 18w, https:\/\/www.stepsforchildren.de\/wp-content\/uploads\/2025\/11\/Bildschirmfoto-2025-10-22-um-09.05.06-1320x659.png 1320w, https:\/\/www.stepsforchildren.de\/wp-content\/uploads\/2025\/11\/Bildschirmfoto-2025-10-22-um-09.05.06-600x300.png 600w\" sizes=\"(max-width: 1024px) 100vw, 1024px\" \/>\t\t\t\t\t\t\t\t<\/a>\n\t\t\t\t\t\t\t\t\t\t\t\t\t\t\t<\/div>\n\t\t\t\t<\/div>\n\t\t\t\t<div class=\"elementor-element elementor-element-869f804 elementor-widget elementor-widget-spacer\" data-id=\"869f804\" data-element_type=\"widget\" data-e-type=\"widget\" data-widget_type=\"spacer.default\">\n\t\t\t\t<div class=\"elementor-widget-container\">\n\t\t\t\t\t\t\t<div class=\"elementor-spacer\">\n\t\t\t<div class=\"elementor-spacer-inner\"><\/div>\n\t\t<\/div>\n\t\t\t\t\t\t<\/div>\n\t\t\t\t<\/div>\n\t\t\t\t<div class=\"elementor-element elementor-element-42e73b8 elementor-widget elementor-widget-text-editor\" data-id=\"42e73b8\" data-element_type=\"widget\" data-e-type=\"widget\" data-widget_type=\"text-editor.default\">\n\t\t\t\t<div class=\"elementor-widget-container\">\n\t\t\t\t\t\t\t\t\t<p><span style=\"font-weight: 300;\">Click on \u201cShow preview\u201d to see what the certificate will look like. Finally, enter your personal details at the bottom of the form and after completing the donation, the gift certificate will be sent to your specified e-mail address as a PDF, which can be printed out or forwarded and given as a gift.<\/span><\/p>\t\t\t\t\t\t\t\t<\/div>\n\t\t\t\t<\/div>\n\t\t\t\t<div class=\"elementor-element elementor-element-48be2de elementor-widget elementor-widget-image\" data-id=\"48be2de\" data-element_type=\"widget\" data-e-type=\"widget\" data-widget_type=\"image.default\">\n\t\t\t\t<div class=\"elementor-widget-container\">\n\t\t\t\t\t\t\t\t\t\t\t\t\t\t\t<img decoding=\"async\" width=\"768\" height=\"1086\" src=\"https:\/\/www.stepsforchildren.de\/wp-content\/uploads\/2025\/11\/SFC_Geschenkspende_Urkunde_Fundraisingbox-768x1086.jpg\" class=\"attachment-medium_large size-medium_large wp-image-41141\" alt=\"\" srcset=\"https:\/\/www.stepsforchildren.de\/wp-content\/uploads\/2025\/11\/SFC_Geschenkspende_Urkunde_Fundraisingbox-768x1086.jpg 768w, https:\/\/www.stepsforchildren.de\/wp-content\/uploads\/2025\/11\/SFC_Geschenkspende_Urkunde_Fundraisingbox-212x300.jpg 212w, https:\/\/www.stepsforchildren.de\/wp-content\/uploads\/2025\/11\/SFC_Geschenkspende_Urkunde_Fundraisingbox-724x1024.jpg 724w, https:\/\/www.stepsforchildren.de\/wp-content\/uploads\/2025\/11\/SFC_Geschenkspende_Urkunde_Fundraisingbox-1086x1536.jpg 1086w, https:\/\/www.stepsforchildren.de\/wp-content\/uploads\/2025\/11\/SFC_Geschenkspende_Urkunde_Fundraisingbox-1448x2048.jpg 1448w, https:\/\/www.stepsforchildren.de\/wp-content\/uploads\/2025\/11\/SFC_Geschenkspende_Urkunde_Fundraisingbox-8x12.jpg 8w, https:\/\/www.stepsforchildren.de\/wp-content\/uploads\/2025\/11\/SFC_Geschenkspende_Urkunde_Fundraisingbox-1320x1867.jpg 1320w, https:\/\/www.stepsforchildren.de\/wp-content\/uploads\/2025\/11\/SFC_Geschenkspende_Urkunde_Fundraisingbox-600x849.jpg 600w, https:\/\/www.stepsforchildren.de\/wp-content\/uploads\/2025\/11\/SFC_Geschenkspende_Urkunde_Fundraisingbox-scaled.jpg 1810w\" sizes=\"(max-width: 768px) 100vw, 768px\" \/>\t\t\t\t\t\t\t\t\t\t\t\t\t\t\t<\/div>\n\t\t\t\t<\/div>\n\t\t\t\t<div class=\"elementor-element elementor-element-600b214 elementor-widget elementor-widget-spacer\" data-id=\"600b214\" data-element_type=\"widget\" data-e-type=\"widget\" data-widget_type=\"spacer.default\">\n\t\t\t\t<div class=\"elementor-widget-container\">\n\t\t\t\t\t\t\t<div class=\"elementor-spacer\">\n\t\t\t<div class=\"elementor-spacer-inner\"><\/div>\n\t\t<\/div>\n\t\t\t\t\t\t<\/div>\n\t\t\t\t<\/div>\n\t\t\t\t<div class=\"elementor-element elementor-element-cd7b14f elementor-widget elementor-widget-heading\" data-id=\"cd7b14f\" data-element_type=\"widget\" data-e-type=\"widget\" id=\"spendenformular\" data-widget_type=\"heading.default\">\n\t\t\t\t<div class=\"elementor-widget-container\">\n\t\t\t\t\t<h4 class=\"elementor-heading-title elementor-size-default\">Try it out directly here:<\/h4>\t\t\t\t<\/div>\n\t\t\t\t<\/div>\n\t\t\t\t<div class=\"elementor-element elementor-element-4b23896 elementor-widget elementor-widget-html\" data-id=\"4b23896\" data-element_type=\"widget\" data-e-type=\"widget\" data-widget_type=\"html.default\">\n\t\t\t\t<div class=\"elementor-widget-container\">\n\t\t\t\t\t<script type=\"text\/javascript\" src=\"https:\/\/secure.fundraisingbox.com\/app\/paymentJS?hash=0j6t1dq8n2tpr1dx\"><\/script><noscript>Please activate Javascript<\/noscript><a target=\"_blank\" href=\"https:\/\/www.fundraisingbox.com\/?utm_source=donation_form\" rel=\"noopener\"><img decoding=\"async\" border=\"0\" style=\"border: 0 !important\" src=\"https:\/\/secure.fundraisingbox.com\/images\/FundraisingBox-Logo-Widget.png\" alt=\"FundraisingBox Logo\" \/><\/a>\n\n<br>\n<br>\n<small>\n    * We need your e-mail address to confirm your donation. In addition, we use your above-mentioned data to inform you about current events and campaigns of steps for children within the scope of legal permissions. You can object to this use at any time to the steps for children foundation, Bramfelder Str. 77, 22305 Hamburg, without incurring any costs other than the transmission costs according to the basic tariffs. You can also send an e-mail to widerruf@stepsforchildren.de **We appreciate every donation. If you dedicate your donation to a specific purpose, we will endeavour to use it accordingly. If this is no longer possible or necessary, your donation will be used for other statutory purposes of the steps for children foundation. Thank you very much for your understanding.  ***As, for example, school uniforms are purchased and distributed, food is also prepared and steps children are supported in various ways by specialised staff, the costs stated here include a proportion of all the services required to give children access to education and nutrition despite poverty.\n<\/small>\t\t\t\t<\/div>\n\t\t\t\t<\/div>\n\t\t\t\t\t<\/div>\n\t\t\t\t<\/div>\n\t\t\t\t<\/div>","protected":false},"excerpt":{"rendered":"<p>Geschenkspende Schenke zu besonderen Anl\u00e4ssen wie Geburtstagen, Jubil\u00e4en oder Weihnachten eine Spende f\u00fcr steps for children! Mit einer personalisierten Geschenkurkunde bereitest Du doppelte Freude \u2013 Du verschenkst Sinn und unterst\u00fctzt Kinder und Jugendliche in Namibia und Simbabwe nachhaltig. Die Idee, spenden statt schenken zu praktizieren, schafft doppelte Freude: Zu Anl\u00e4ssen wie Geburtstagen, Jubil\u00e4en oder Weihnachten [&hellip;]<\/p>\n","protected":false},"author":1,"featured_media":0,"parent":2534,"menu_order":0,"comment_status":"closed","ping_status":"closed","template":"","meta":{"site-sidebar-layout":"no-sidebar","site-content-layout":"page-builder","ast-site-content-layout":"full-width-container","site-content-style":"unboxed","site-sidebar-style":"unboxed","ast-global-header-display":"","ast-banner-title-visibility":"","ast-main-header-display":"","ast-hfb-above-header-display":"","ast-hfb-below-header-display":"","ast-hfb-mobile-header-display":"","site-post-title":"","ast-breadcrumbs-content":"","ast-featured-img":"disabled","footer-sml-layout":"","ast-disable-related-posts":"","theme-transparent-header-meta":"","adv-header-id-meta":"","stick-header-meta":"","header-above-stick-meta":"","header-main-stick-meta":"","header-below-stick-meta":"","astra-migrate-meta-layouts":"set","ast-page-background-enabled":"default","ast-page-background-meta":{"desktop":{"background-color":"var(--ast-global-color-4)","background-image":"","background-repeat":"repeat","background-position":"center center","background-size":"auto","background-attachment":"scroll","background-type":"","background-media":"","overlay-type":"","overlay-color":"","overlay-opacity":"","overlay-gradient":""},"tablet":{"background-color":"","background-image":"","background-repeat":"repeat","background-position":"center center","background-size":"auto","background-attachment":"scroll","background-type":"","background-media":"","overlay-type":"","overlay-color":"","overlay-opacity":"","overlay-gradient":""},"mobile":{"background-color":"","background-image":"","background-repeat":"repeat","background-position":"center center","background-size":"auto","background-attachment":"scroll","background-type":"","background-media":"","overlay-type":"","overlay-color":"","overlay-opacity":"","overlay-gradient":""}},"ast-content-background-meta":{"desktop":{"background-color":"var(--ast-global-color-5)","background-image":"","background-repeat":"repeat","background-position":"center center","background-size":"auto","background-attachment":"scroll","background-type":"","background-media":"","overlay-type":"","overlay-color":"","overlay-opacity":"","overlay-gradient":""},"tablet":{"background-color":"var(--ast-global-color-5)","background-image":"","background-repeat":"repeat","background-position":"center center","background-size":"auto","background-attachment":"scroll","background-type":"","background-media":"","overlay-type":"","overlay-color":"","overlay-opacity":"","overlay-gradient":""},"mobile":{"background-color":"var(--ast-global-color-5)","background-image":"","background-repeat":"repeat","background-position":"center center","background-size":"auto","background-attachment":"scroll","background-type":"","background-media":"","overlay-type":"","overlay-color":"","overlay-opacity":"","overlay-gradient":""}},"footnotes":""},"class_list":["post-41137","page","type-page","status-publish","hentry"],"_links":{"self":[{"href":"https:\/\/www.stepsforchildren.de\/en\/wp-json\/wp\/v2\/pages\/41137","targetHints":{"allow":["GET"]}}],"collection":[{"href":"https:\/\/www.stepsforchildren.de\/en\/wp-json\/wp\/v2\/pages"}],"about":[{"href":"https:\/\/www.stepsforchildren.de\/en\/wp-json\/wp\/v2\/types\/page"}],"author":[{"embeddable":true,"href":"https:\/\/www.stepsforchildren.de\/en\/wp-json\/wp\/v2\/users\/1"}],"replies":[{"embeddable":true,"href":"https:\/\/www.stepsforchildren.de\/en\/wp-json\/wp\/v2\/comments?post=41137"}],"version-history":[{"count":22,"href":"https:\/\/www.stepsforchildren.de\/en\/wp-json\/wp\/v2\/pages\/41137\/revisions"}],"predecessor-version":[{"id":41163,"href":"https:\/\/www.stepsforchildren.de\/en\/wp-json\/wp\/v2\/pages\/41137\/revisions\/41163"}],"up":[{"embeddable":true,"href":"https:\/\/www.stepsforchildren.de\/en\/wp-json\/wp\/v2\/pages\/2534"}],"wp:attachment":[{"href":"https:\/\/www.stepsforchildren.de\/en\/wp-json\/wp\/v2\/media?parent=41137"}],"curies":[{"name":"wp","href":"https:\/\/api.w.org\/{rel}","templated":true}]}}