{"id":42033,"date":"2026-03-24T21:53:50","date_gmt":"2026-03-24T19:53:50","guid":{"rendered":"https:\/\/www.stepsforchildren.de\/?page_id=42033"},"modified":"2026-04-25T14:57:32","modified_gmt":"2026-04-25T12:57:32","slug":"fund-racing","status":"publish","type":"page","link":"https:\/\/www.stepsforchildren.de\/en\/fund-racing\/","title":{"rendered":"Fund Racing"},"content":{"rendered":"\t\t<div data-elementor-type=\"wp-page\" data-elementor-id=\"42033\" class=\"elementor elementor-42033\" data-elementor-post-type=\"page\">\n\t\t\t\t<div class=\"elementor-element elementor-element-4d1c2ae e-flex e-con-boxed e-con e-parent\" data-id=\"4d1c2ae\" data-element_type=\"container\" data-e-type=\"container\">\n\t\t\t\t\t<div class=\"e-con-inner\">\n\t\t\t\t<div class=\"elementor-element elementor-element-cc4dedd elementor-widget elementor-widget-spacer\" data-id=\"cc4dedd\" data-element_type=\"widget\" data-e-type=\"widget\" data-widget_type=\"spacer.default\">\n\t\t\t\t<div class=\"elementor-widget-container\">\n\t\t\t\t\t\t\t<div class=\"elementor-spacer\">\n\t\t\t<div class=\"elementor-spacer-inner\"><\/div>\n\t\t<\/div>\n\t\t\t\t\t\t<\/div>\n\t\t\t\t<\/div>\n\t\t\t\t<div class=\"elementor-element elementor-element-7bf6e7a elementor-widget elementor-widget-image\" data-id=\"7bf6e7a\" data-element_type=\"widget\" data-e-type=\"widget\" data-widget_type=\"image.default\">\n\t\t\t\t<div class=\"elementor-widget-container\">\n\t\t\t\t\t\t\t\t\t\t\t\t\t\t\t<img fetchpriority=\"high\" decoding=\"async\" width=\"1024\" height=\"341\" src=\"https:\/\/www.stepsforchildren.de\/wp-content\/uploads\/2026\/03\/Header_Banner_Webseite_Ronny-und-Markus-1024x341.jpg\" class=\"attachment-large size-large wp-image-42034\" alt=\"\" srcset=\"https:\/\/www.stepsforchildren.de\/wp-content\/uploads\/2026\/03\/Header_Banner_Webseite_Ronny-und-Markus-1024x341.jpg 1024w, https:\/\/www.stepsforchildren.de\/wp-content\/uploads\/2026\/03\/Header_Banner_Webseite_Ronny-und-Markus-300x100.jpg 300w, https:\/\/www.stepsforchildren.de\/wp-content\/uploads\/2026\/03\/Header_Banner_Webseite_Ronny-und-Markus-768x256.jpg 768w, https:\/\/www.stepsforchildren.de\/wp-content\/uploads\/2026\/03\/Header_Banner_Webseite_Ronny-und-Markus-1536x512.jpg 1536w, https:\/\/www.stepsforchildren.de\/wp-content\/uploads\/2026\/03\/Header_Banner_Webseite_Ronny-und-Markus-2048x683.jpg 2048w, https:\/\/www.stepsforchildren.de\/wp-content\/uploads\/2026\/03\/Header_Banner_Webseite_Ronny-und-Markus-18x6.jpg 18w, https:\/\/www.stepsforchildren.de\/wp-content\/uploads\/2026\/03\/Header_Banner_Webseite_Ronny-und-Markus-1320x440.jpg 1320w, https:\/\/www.stepsforchildren.de\/wp-content\/uploads\/2026\/03\/Header_Banner_Webseite_Ronny-und-Markus-600x200.jpg 600w\" sizes=\"(max-width: 1024px) 100vw, 1024px\" \/>\t\t\t\t\t\t\t\t\t\t\t\t\t\t\t<\/div>\n\t\t\t\t<\/div>\n\t\t\t\t\t<\/div>\n\t\t\t\t<\/div>\n\t\t<div class=\"elementor-element elementor-element-8ebfda7 e-flex e-con-boxed e-con e-parent\" data-id=\"8ebfda7\" data-element_type=\"container\" data-e-type=\"container\">\n\t\t\t\t\t<div class=\"e-con-inner\">\n\t\t<div class=\"elementor-element elementor-element-4b86a18 e-con-full e-flex e-con e-child\" data-id=\"4b86a18\" data-element_type=\"container\" data-e-type=\"container\">\n\t\t\t\t<\/div>\n\t\t<div class=\"elementor-element elementor-element-5e260e4 e-con-full e-flex e-con e-child\" data-id=\"5e260e4\" data-element_type=\"container\" data-e-type=\"container\">\n\t\t\t\t<div class=\"elementor-element elementor-element-319881a elementor-widget elementor-widget-heading\" data-id=\"319881a\" data-element_type=\"widget\" data-e-type=\"widget\" data-widget_type=\"heading.default\">\n\t\t\t\t<div class=\"elementor-widget-container\">\n\t\t\t\t\t<h2 class=\"elementor-heading-title elementor-size-default\">Fund Racing<\/h2>\t\t\t\t<\/div>\n\t\t\t\t<\/div>\n\t\t\t\t<div class=\"elementor-element elementor-element-c5d8da5 elementor-widget elementor-widget-heading\" data-id=\"c5d8da5\" data-element_type=\"widget\" data-e-type=\"widget\" data-widget_type=\"heading.default\">\n\t\t\t\t<div class=\"elementor-widget-container\">\n\t\t\t\t\t<h3 class=\"elementor-heading-title elementor-size-default\">Ronny und Markus treten f\u00fcr steps for children in die Pedale \u2013 hilf mit, Chancen f\u00fcr Kinder zu schaffen<\/h3>\t\t\t\t<\/div>\n\t\t\t\t<\/div>\n\t\t\t\t<div class=\"elementor-element elementor-element-588ef65 elementor-widget elementor-widget-text-editor\" data-id=\"588ef65\" data-element_type=\"widget\" data-e-type=\"widget\" data-widget_type=\"text-editor.default\">\n\t\t\t\t<div class=\"elementor-widget-container\">\n\t\t\t\t\t\t\t\t\t<p>Ronny und Markus teilen ein sportliches Hobby: Sie sind gern auf zwei R\u00e4dern unterwegs. Durch den Wald, \u00fcber die Berge &#8211; \u00fcberall findet man sie w\u00e4hrend der Saison. Seit 2024 unterst\u00fctzen sie steps for children nicht nur als kontinuierliche Spender, sondern auch durch Awareness und stehen f\u00fcr steps mit selbst angefertigten Trikots am Start. Wie es dazu kam, welche Aktionen sie bereits gemacht haben und was sie noch vorhaben findet ihr hier auf der Seite. Viel Spa\u00df beim st\u00f6bern!\u00a0<\/p>\t\t\t\t\t\t\t\t<\/div>\n\t\t\t\t<\/div>\n\t\t\t\t<\/div>\n\t\t<div class=\"elementor-element elementor-element-c6c3246 e-con-full e-flex e-con e-child\" data-id=\"c6c3246\" data-element_type=\"container\" data-e-type=\"container\">\n\t\t\t\t<\/div>\n\t\t\t\t\t<\/div>\n\t\t\t\t<\/div>\n\t\t<div class=\"elementor-element elementor-element-0c170cf e-flex e-con-boxed e-con e-parent\" data-id=\"0c170cf\" data-element_type=\"container\" data-e-type=\"container\">\n\t\t\t\t\t<div class=\"e-con-inner\">\n\t\t\t\t<div class=\"elementor-element elementor-element-e49a2ce elementor-widget elementor-widget-steps_promo_split_card\" data-id=\"e49a2ce\" data-element_type=\"widget\" data-e-type=\"widget\" data-widget_type=\"steps_promo_split_card.default\">\n\t\t\t\t<div class=\"elementor-widget-container\">\n\t\t\t\t\t<section class=\"spsc-wrap is-reverse\" style=\"--gap:24px;--overlap:56px;--image-radius:24px;--card-radius:26px;--card-bg:#F5EEE9;--title:#B02A2A;--text:#223;--btn-bg:#F18520;--btn-text:#ffffff;\">  <figure class=\"spsc-figure\">    <img src=\"https:\/\/www.stepsforchildren.de\/wp-content\/uploads\/2026\/03\/Ronny-und-Markus_2-e1774381217239-1024x740.jpg\" alt=\"\" loading=\"lazy\" decoding=\"async\">  <\/figure>  <div class=\"spsc-card\">    <h4 class=\"spsc-title\">Storytime...<\/h4>    <div class=\"spsc-desc\"><p>Hier geht es zu einem Interview und der Frage: Wie sind Ronny Staps und Markus Kaiser eigentlich dazu gekommen, steps Kinder in Namibia zu unterst\u00fctzen?<\/p><\/div>    <div class=\"elementor-widget-container\"><div class=\"elementor-button-wrapper\">      <a class=\"elementor-button elementor-button-link elementor-size-sm spsc-btn\" style=\"background:var(--btn-bg);color:var(--btn-text);\" href=\"https:\/\/www.stepsforchildren.de\/steps-in-den-alpen\/\" target=\"_blank\" rel=\"noopener\">        <span class=\"elementor-button-content-wrapper\"><span class=\"elementor-button-text\" style=\"font-weight:bold\">interview<\/span><\/span>      <\/a>    <\/div><\/div>  <\/div><\/section>\t\t\t\t<\/div>\n\t\t\t\t<\/div>\n\t\t\t\t\t<\/div>\n\t\t\t\t<\/div>\n\t\t<div class=\"elementor-element elementor-element-c507352 e-flex e-con-boxed e-con e-parent\" data-id=\"c507352\" data-element_type=\"container\" data-e-type=\"container\">\n\t\t\t\t\t<div class=\"e-con-inner\">\n\t\t\t\t<div class=\"elementor-element elementor-element-94c9572 elementor-widget elementor-widget-spacer\" data-id=\"94c9572\" data-element_type=\"widget\" data-e-type=\"widget\" data-widget_type=\"spacer.default\">\n\t\t\t\t<div class=\"elementor-widget-container\">\n\t\t\t\t\t\t\t<div class=\"elementor-spacer\">\n\t\t\t<div class=\"elementor-spacer-inner\"><\/div>\n\t\t<\/div>\n\t\t\t\t\t\t<\/div>\n\t\t\t\t<\/div>\n\t\t\t\t<div class=\"elementor-element elementor-element-8edfd5b elementor-widget elementor-widget-steps_promo_split_card\" data-id=\"8edfd5b\" data-element_type=\"widget\" data-e-type=\"widget\" data-widget_type=\"steps_promo_split_card.default\">\n\t\t\t\t<div class=\"elementor-widget-container\">\n\t\t\t\t\t<section class=\"spsc-wrap\" style=\"--gap:24px;--overlap:56px;--image-radius:24px;--card-radius:26px;--card-bg:#F5EEE9;--title:#B02A2A;--text:#223;--btn-bg:#F18520;--btn-text:#ffffff;\">  <figure class=\"spsc-figure\">    <img src=\"https:\/\/www.stepsforchildren.de\/wp-content\/uploads\/2026\/03\/DANKEA1-e1774381255415.jpe\" alt=\"\" loading=\"lazy\" decoding=\"async\">  <\/figure>  <div class=\"spsc-card\">    <h4 class=\"spsc-title\">Eingeladen bei Coffee &amp; Chainrings<\/h4>    <div class=\"spsc-desc\"><p>Im Januar 2026 waren Ronny und Markus bei dem Podcast <b>Coffee &amp; Chainrings <\/b>eingeladen. Kennengelernt haben sie die zwei Podcast-Hosts bei der BIKE Transalp 2024.<\/p><p>H\u00f6rt mal rein!<\/p><\/div>    <div class=\"elementor-widget-container\"><div class=\"elementor-button-wrapper\">      <a class=\"elementor-button elementor-button-link elementor-size-sm spsc-btn\" style=\"background:var(--btn-bg);color:var(--btn-text);\" href=\"https:\/\/coffee-and-chainrings.de\/podcast\/kaffeekraenzchen-steps-for-children\/\" target=\"_blank\" rel=\"noopener\">        <span class=\"elementor-button-content-wrapper\"><span class=\"elementor-button-text\" style=\"font-weight:bold\">Podcast<\/span><\/span>      <\/a>    <\/div><\/div>  <\/div><\/section>\t\t\t\t<\/div>\n\t\t\t\t<\/div>\n\t\t\t\t<div class=\"elementor-element elementor-element-c7ca930 elementor-widget elementor-widget-spacer\" data-id=\"c7ca930\" data-element_type=\"widget\" data-e-type=\"widget\" data-widget_type=\"spacer.default\">\n\t\t\t\t<div class=\"elementor-widget-container\">\n\t\t\t\t\t\t\t<div class=\"elementor-spacer\">\n\t\t\t<div class=\"elementor-spacer-inner\"><\/div>\n\t\t<\/div>\n\t\t\t\t\t\t<\/div>\n\t\t\t\t<\/div>\n\t\t\t\t<div class=\"elementor-element elementor-element-d412028 elementor-widget elementor-widget-spacer\" data-id=\"d412028\" data-element_type=\"widget\" data-e-type=\"widget\" data-widget_type=\"spacer.default\">\n\t\t\t\t<div class=\"elementor-widget-container\">\n\t\t\t\t\t\t\t<div class=\"elementor-spacer\">\n\t\t\t<div class=\"elementor-spacer-inner\"><\/div>\n\t\t<\/div>\n\t\t\t\t\t\t<\/div>\n\t\t\t\t<\/div>\n\t\t\t\t\t<\/div>\n\t\t\t\t<\/div>\n\t\t<div class=\"elementor-element elementor-element-7275164d e-flex e-con-boxed e-con e-parent\" data-id=\"7275164d\" data-element_type=\"container\" data-e-type=\"container\" data-settings=\"{&quot;background_background&quot;:&quot;classic&quot;}\">\n\t\t\t\t\t<div class=\"e-con-inner\">\n\t\t\t\t\t<\/div>\n\t\t\t\t<\/div>\n\t\t<div class=\"elementor-element elementor-element-16bb0423 e-flex e-con-boxed e-con e-parent\" data-id=\"16bb0423\" data-element_type=\"container\" data-e-type=\"container\" data-settings=\"{&quot;background_background&quot;:&quot;classic&quot;}\">\n\t\t\t\t\t<div class=\"e-con-inner\">\n\t\t\t\t<div class=\"elementor-element elementor-element-23523df7 elementor-pagination-type-bullets elementor-pagination-position-outside elementor-widget elementor-widget-n-carousel\" data-id=\"23523df7\" data-element_type=\"widget\" data-e-type=\"widget\" data-settings=\"{&quot;carousel_items&quot;:[{&quot;slide_title&quot;:&quot;Slide 1&quot;,&quot;_id&quot;:&quot;7896506&quot;},{&quot;slide_title&quot;:&quot;Slide 2&quot;,&quot;_id&quot;:&quot;2658f8e&quot;}],&quot;slides_to_show&quot;:&quot;1&quot;,&quot;slides_to_scroll&quot;:&quot;1&quot;,&quot;slides_to_show_tablet&quot;:&quot;2&quot;,&quot;slides_to_show_mobile&quot;:&quot;1&quot;,&quot;autoplay&quot;:&quot;yes&quot;,&quot;autoplay_speed&quot;:5000,&quot;pause_on_hover&quot;:&quot;yes&quot;,&quot;pause_on_interaction&quot;:&quot;yes&quot;,&quot;infinite&quot;:&quot;yes&quot;,&quot;speed&quot;:500,&quot;offset_sides&quot;:&quot;none&quot;,&quot;pagination&quot;:&quot;bullets&quot;,&quot;image_spacing_custom&quot;:{&quot;unit&quot;:&quot;px&quot;,&quot;size&quot;:10,&quot;sizes&quot;:[]},&quot;image_spacing_custom_tablet&quot;:{&quot;unit&quot;:&quot;px&quot;,&quot;size&quot;:&quot;&quot;,&quot;sizes&quot;:[]},&quot;image_spacing_custom_mobile&quot;:{&quot;unit&quot;:&quot;px&quot;,&quot;size&quot;:&quot;&quot;,&quot;sizes&quot;:[]}}\" data-widget_type=\"nested-carousel.default\">\n\t\t\t\t<div class=\"elementor-widget-container\">\n\t\t\t\t\t\t\t<div class=\"e-n-carousel swiper\" role=\"region\" aria-roledescription=\"carousel\" aria-label=\"Karussell\" dir=\"ltr\">\n\t\t\t<div class=\"swiper-wrapper\" aria-live=\"off\">\n\t\t\t\t\t\t\t\t\t\t<div class=\"swiper-slide\" data-slide=\"1\" role=\"group\" aria-roledescription=\"slide\" aria-label=\"1 von 2\">\n\t\t\t\t\t\t\t<div class=\"elementor-element elementor-element-2d2406c4 e-flex e-con-boxed e-con e-child\" data-id=\"2d2406c4\" data-element_type=\"container\" data-e-type=\"container\">\n\t\t\t\t\t<div class=\"e-con-inner\">\n\t\t\t\t<div class=\"elementor-element elementor-element-32d3d0a3 elementor-widget elementor-widget-heading\" data-id=\"32d3d0a3\" data-element_type=\"widget\" data-e-type=\"widget\" data-widget_type=\"heading.default\">\n\t\t\t\t<div class=\"elementor-widget-container\">\n\t\t\t\t\t<h3 class=\"elementor-heading-title elementor-size-default\">\u201eWenn man sich \u00fcber steps informiert, merkt man sofort die pers\u00f6nliche Begeisterung jedes einzelnen Mitwirkenden. Auch die <b>Transparenz<\/b>, welche Projekte ihr unterst\u00fctzt, <b>wie Spenden eingesetzt werden, ist vorbildlich<\/b>.\u201c<\/h3>\t\t\t\t<\/div>\n\t\t\t\t<\/div>\n\t\t\t\t<div class=\"elementor-element elementor-element-212dcffb elementor-widget__width-initial elementor-widget elementor-widget-text-editor\" data-id=\"212dcffb\" data-element_type=\"widget\" data-e-type=\"widget\" data-widget_type=\"text-editor.default\">\n\t\t\t\t<div class=\"elementor-widget-container\">\n\t\t\t\t\t\t\t\t\t<p><span style=\"font-weight: 300;\"><strong>Markus Kaiser<\/strong><\/span><\/p>\t\t\t\t\t\t\t\t<\/div>\n\t\t\t\t<\/div>\n\t\t\t\t\t<\/div>\n\t\t\t\t<\/div>\n\t\t\t\t\t\t\t\t<\/div>\n\t\t\t\t\t\t\t\t\t\t\t<div class=\"swiper-slide\" data-slide=\"2\" role=\"group\" aria-roledescription=\"slide\" aria-label=\"2 von 2\">\n\t\t\t\t\t\t\t<div class=\"elementor-element elementor-element-7693f4d0 e-flex e-con-boxed e-con e-child\" data-id=\"7693f4d0\" data-element_type=\"container\" data-e-type=\"container\">\n\t\t\t\t\t<div class=\"e-con-inner\">\n\t\t\t\t<div class=\"elementor-element elementor-element-2d582936 elementor-widget elementor-widget-heading\" data-id=\"2d582936\" data-element_type=\"widget\" data-e-type=\"widget\" data-widget_type=\"heading.default\">\n\t\t\t\t<div class=\"elementor-widget-container\">\n\t\t\t\t\t<h3 class=\"elementor-heading-title elementor-size-default\">\u201e<b>Ohne steps w\u00fcrden einige Kinder der Siedlungen \u201eden Weg in die Schule\u201c wom\u00f6glich nicht gehen<\/b>! Man muss die Schullaufbahn eben zun\u00e4chst beginnen, um sie einmal erfolgreich abschlie\u00dfen zu k\u00f6nnen.\u201c\n<\/h3>\t\t\t\t<\/div>\n\t\t\t\t<\/div>\n\t\t\t\t<div class=\"elementor-element elementor-element-1e420ce3 elementor-widget__width-initial elementor-widget elementor-widget-text-editor\" data-id=\"1e420ce3\" data-element_type=\"widget\" data-e-type=\"widget\" data-widget_type=\"text-editor.default\">\n\t\t\t\t<div class=\"elementor-widget-container\">\n\t\t\t\t\t\t\t\t\t<p><strong>Ronny Staps<\/strong><\/p>\t\t\t\t\t\t\t\t<\/div>\n\t\t\t\t<\/div>\n\t\t\t\t\t<\/div>\n\t\t\t\t<\/div>\n\t\t\t\t\t\t\t\t<\/div>\n\t\t\t\t\t\t\t\t<\/div>\n\t\t<\/div>\n\t\t\t\t\t<div class=\"swiper-pagination\"><\/div>\n\t\t\t\t\t\t<\/div>\n\t\t\t\t<\/div>\n\t\t\t\t\t<\/div>\n\t\t\t\t<\/div>\n\t\t<div class=\"elementor-element elementor-element-5d3fa3a9 e-flex e-con-boxed e-con e-parent\" data-id=\"5d3fa3a9\" data-element_type=\"container\" data-e-type=\"container\" data-settings=\"{&quot;background_background&quot;:&quot;classic&quot;}\">\n\t\t\t\t\t<div class=\"e-con-inner\">\n\t\t\t\t\t<\/div>\n\t\t\t\t<\/div>\n\t\t<div class=\"elementor-element elementor-element-d5c521a e-flex e-con-boxed e-con e-parent\" data-id=\"d5c521a\" data-element_type=\"container\" data-e-type=\"container\">\n\t\t\t\t\t<div class=\"e-con-inner\">\n\t\t\t\t<div class=\"elementor-element elementor-element-f5cf3d7 elementor-widget elementor-widget-spacer\" data-id=\"f5cf3d7\" data-element_type=\"widget\" data-e-type=\"widget\" data-widget_type=\"spacer.default\">\n\t\t\t\t<div class=\"elementor-widget-container\">\n\t\t\t\t\t\t\t<div class=\"elementor-spacer\">\n\t\t\t<div class=\"elementor-spacer-inner\"><\/div>\n\t\t<\/div>\n\t\t\t\t\t\t<\/div>\n\t\t\t\t<\/div>\n\t\t\t\t<div class=\"elementor-element elementor-element-560a291 elementor-widget elementor-widget-steps_promo_split_card\" data-id=\"560a291\" data-element_type=\"widget\" data-e-type=\"widget\" data-widget_type=\"steps_promo_split_card.default\">\n\t\t\t\t<div class=\"elementor-widget-container\">\n\t\t\t\t\t<section class=\"spsc-wrap is-reverse\" style=\"--gap:24px;--overlap:56px;--image-radius:24px;--card-radius:26px;--card-bg:#F5EEE9;--title:#B02A2A;--text:#223;--btn-bg:#F18520;--btn-text:#ffffff;\">  <figure class=\"spsc-figure\">    <img src=\"https:\/\/www.stepsforchildren.de\/wp-content\/uploads\/2026\/03\/Ronny-und-Markus-sfc-fund-racing-2-e1774381174885-1024x917.png\" alt=\"\" loading=\"lazy\" decoding=\"async\">  <\/figure>  <div class=\"spsc-card\">    <h4 class=\"spsc-title\">Fund Racing<\/h4>    <div class=\"spsc-desc\"><p>Ronny und Markus sind Feuer und Flamme f\u00fcr steps for children! Nach der Maxxis Bike Transalp 2024 fahren sie auch dieses Jahr wieder Radrennen - kleine, gro\u00dfe, lange, hohe, Gravel, Stra\u00dfe, Berge - egal! Hauptsache \"Kette rechts\", Kurbel und zwei R\u00e4der. Und nat\u00fcrlich wieder mit dem steps for children Logo auf der Brust. Hier k\u00f6nnt ihr sie unterst\u00fctzen:<\/p><\/div>    <div class=\"elementor-widget-container\"><div class=\"elementor-button-wrapper\">      <a class=\"elementor-button elementor-button-link elementor-size-sm spsc-btn\" style=\"background:var(--btn-bg);color:var(--btn-text);\" href=\"https:\/\/www.stepsforchildren.de\/gutes-tun\/ueberblick-auf-spendenaktionen\/?cfd=d8i1n\" target=\"_blank\" rel=\"noopener\">        <span class=\"elementor-button-content-wrapper\"><span class=\"elementor-button-text\" style=\"font-weight:bold\">Spendenaktion<\/span><\/span>      <\/a>    <\/div><\/div>  <\/div><\/section>\t\t\t\t<\/div>\n\t\t\t\t<\/div>\n\t\t\t\t\t<\/div>\n\t\t\t\t<\/div>\n\t\t\t\t<\/div>\n\t\t","protected":false},"excerpt":{"rendered":"<p>Fund Racing Ronny und Markus treten f\u00fcr steps for children in die Pedale \u2013 hilf mit, Chancen f\u00fcr Kinder zu schaffen Ronny und Markus teilen ein sportliches Hobby: Sie sind gern auf zwei R\u00e4dern unterwegs. Durch den Wald, \u00fcber die Berge &#8211; \u00fcberall findet man sie w\u00e4hrend der Saison. Seit 2024 unterst\u00fctzen sie steps for [&hellip;]<\/p>\n","protected":false},"author":3,"featured_media":0,"parent":0,"menu_order":0,"comment_status":"closed","ping_status":"closed","template":"","meta":{"site-sidebar-layout":"no-sidebar","site-content-layout":"page-builder","ast-site-content-layout":"full-width-container","site-content-style":"unboxed","site-sidebar-style":"unboxed","ast-global-header-display":"","ast-banner-title-visibility":"","ast-main-header-display":"","ast-hfb-above-header-display":"","ast-hfb-below-header-display":"","ast-hfb-mobile-header-display":"","site-post-title":"","ast-breadcrumbs-content":"","ast-featured-img":"disabled","footer-sml-layout":"","ast-disable-related-posts":"","theme-transparent-header-meta":"","adv-header-id-meta":"","stick-header-meta":"","header-above-stick-meta":"","header-main-stick-meta":"","header-below-stick-meta":"","astra-migrate-meta-layouts":"set","ast-page-background-enabled":"default","ast-page-background-meta":{"desktop":{"background-color":"var(--ast-global-color-4)","background-image":"","background-repeat":"repeat","background-position":"center center","background-size":"auto","background-attachment":"scroll","background-type":"","background-media":"","overlay-type":"","overlay-color":"","overlay-opacity":"","overlay-gradient":""},"tablet":{"background-color":"","background-image":"","background-repeat":"repeat","background-position":"center center","background-size":"auto","background-attachment":"scroll","background-type":"","background-media":"","overlay-type":"","overlay-color":"","overlay-opacity":"","overlay-gradient":""},"mobile":{"background-color":"","background-image":"","background-repeat":"repeat","background-position":"center center","background-size":"auto","background-attachment":"scroll","background-type":"","background-media":"","overlay-type":"","overlay-color":"","overlay-opacity":"","overlay-gradient":""}},"ast-content-background-meta":{"desktop":{"background-color":"var(--ast-global-color-5)","background-image":"","background-repeat":"repeat","background-position":"center center","background-size":"auto","background-attachment":"scroll","background-type":"","background-media":"","overlay-type":"","overlay-color":"","overlay-opacity":"","overlay-gradient":""},"tablet":{"background-color":"var(--ast-global-color-5)","background-image":"","background-repeat":"repeat","background-position":"center center","background-size":"auto","background-attachment":"scroll","background-type":"","background-media":"","overlay-type":"","overlay-color":"","overlay-opacity":"","overlay-gradient":""},"mobile":{"background-color":"var(--ast-global-color-5)","background-image":"","background-repeat":"repeat","background-position":"center center","background-size":"auto","background-attachment":"scroll","background-type":"","background-media":"","overlay-type":"","overlay-color":"","overlay-opacity":"","overlay-gradient":""}},"footnotes":""},"class_list":["post-42033","page","type-page","status-publish","hentry"],"_links":{"self":[{"href":"https:\/\/www.stepsforchildren.de\/en\/wp-json\/wp\/v2\/pages\/42033","targetHints":{"allow":["GET"]}}],"collection":[{"href":"https:\/\/www.stepsforchildren.de\/en\/wp-json\/wp\/v2\/pages"}],"about":[{"href":"https:\/\/www.stepsforchildren.de\/en\/wp-json\/wp\/v2\/types\/page"}],"author":[{"embeddable":true,"href":"https:\/\/www.stepsforchildren.de\/en\/wp-json\/wp\/v2\/users\/3"}],"replies":[{"embeddable":true,"href":"https:\/\/www.stepsforchildren.de\/en\/wp-json\/wp\/v2\/comments?post=42033"}],"version-history":[{"count":61,"href":"https:\/\/www.stepsforchildren.de\/en\/wp-json\/wp\/v2\/pages\/42033\/revisions"}],"predecessor-version":[{"id":42435,"href":"https:\/\/www.stepsforchildren.de\/en\/wp-json\/wp\/v2\/pages\/42033\/revisions\/42435"}],"wp:attachment":[{"href":"https:\/\/www.stepsforchildren.de\/en\/wp-json\/wp\/v2\/media?parent=42033"}],"curies":[{"name":"wp","href":"https:\/\/api.w.org\/{rel}","templated":true}]}}